{"id":141,"date":"2023-09-01T21:37:33","date_gmt":"2023-09-01T21:37:33","guid":{"rendered":"https:\/\/wolpianer.com\/?page_id=141"},"modified":"2023-10-10T13:47:09","modified_gmt":"2023-10-10T13:47:09","slug":"wolperdinger-brunnen","status":"publish","type":"page","link":"https:\/\/wolpianer.com\/","title":{"rendered":"Ich bin ein &#8222;Wolpianer&#8220; &#8230;"},"content":{"rendered":"\n<p><strong>rfo TV Livestream 18:30 Uhr, 10.10.2023: <\/strong><br><a rel=\"noreferrer noopener\" href=\"https:\/\/www.rfo.de\/mediathek\/video\/annette-schrof-und-ihr-wolperdinger-brunnen\/\" target=\"_blank\">https:\/\/www.rfo.de\/mediathek\/video\/annette-schrof-und-ihr-wolperdinger-brunnen\/<\/a>           <em>Oder jederzeit in der Mediathek &#8230;<\/em><\/p>\n\n\n\n<figure class=\"wp-block-image size-full is-resized\"><img loading=\"lazy\" decoding=\"async\" src=\"https:\/\/wolpianer.com\/wp-content\/uploads\/2023\/10\/image.png\" alt=\"\" class=\"wp-image-207\" style=\"width:374px;height:196px\" width=\"374\" height=\"196\" srcset=\"https:\/\/wolpianer.com\/wp-content\/uploads\/2023\/10\/image.png 1200w, https:\/\/wolpianer.com\/wp-content\/uploads\/2023\/10\/image-300x158.png 300w, https:\/\/wolpianer.com\/wp-content\/uploads\/2023\/10\/image-768x403.png 768w\" sizes=\"auto, (max-width: 374px) 100vw, 374px\" \/><\/figure>\n\n\n\n<p><strong>Bis der Wolperdinger-Brunnen einen Platz gefunden hat,<br>kann er im Atelier besucht werden:<\/strong><\/p>\n\n\n\n<blockquote class=\"wp-block-quote is-layout-flow wp-block-quote-is-layout-flow\">\n<p>Sonntag 12:00 &#8211; 16 Uhr &amp; und nach Vereinbarung<\/p>\n<\/blockquote>\n\n\n\n<p>Am Etzh\u00e4usl 6, 83355 Grabenst\u00e4tt (Marwang)<\/p>\n\n\n\n<div style=\"height:50px\" aria-hidden=\"true\" class=\"wp-block-spacer\"><\/div>\n\n\n\n<p>Herzlichen Dank an <br><strong><a href=\"https:\/\/www.quellonline.de\/\" data-type=\"link\" data-id=\"https:\/\/www.quellonline.de\/\" target=\"_blank\" rel=\"noreferrer noopener\">Quell Online<\/a><\/strong> &#8211; Das Magazin f\u00fcr nachhaltiges Leben<br>f\u00fcr den sch\u00f6nen Artikel!<\/p>\n\n\n\n<figure class=\"wp-block-embed is-type-wp-embed is-provider-quell-online-de wp-block-embed-quell-online-de\"><div class=\"wp-block-embed__wrapper\">\n<blockquote class=\"wp-embedded-content\" data-secret=\"RXJI5DJbLt\"><a href=\"https:\/\/www.quellonline.de\/mission-wolperdinger\/\">Mission Wolperdinger<\/a><\/blockquote><iframe loading=\"lazy\" class=\"wp-embedded-content\" sandbox=\"allow-scripts\" security=\"restricted\" style=\"position: absolute; clip: rect(1px, 1px, 1px, 1px);\" title=\"&#8222;Mission Wolperdinger&#8220; &#8212; quell-online.de\" src=\"https:\/\/www.quellonline.de\/mission-wolperdinger\/embed\/#?secret=dX7qu7VZ5W#?secret=RXJI5DJbLt\" data-secret=\"RXJI5DJbLt\" width=\"500\" height=\"282\" frameborder=\"0\" marginwidth=\"0\" marginheight=\"0\" scrolling=\"no\"><\/iframe>\n<\/div><\/figure>\n","protected":false},"excerpt":{"rendered":"<p>rfo TV Livestream 18:30 Uhr, 10.10.2023: https:\/\/www.rfo.de\/mediathek\/video\/annette-schrof-und-ihr-wolperdinger-brunnen\/ Oder jederzeit in der Mediathek &#8230; Bis der Wolperdinger-Brunnen einen Platz gefunden hat,kann er im Atelier besucht werden: Sonntag 12:00 &#8211; 16 Uhr &amp; und nach Vereinbarung Am Etzh\u00e4usl 6, 83355 Grabenst\u00e4tt (Marwang) Herzlichen Dank an Quell Online &#8211; Das Magazin f\u00fcr nachhaltiges Lebenf\u00fcr den sch\u00f6nen Artikel!<\/p>\n","protected":false},"author":1,"featured_media":148,"parent":0,"menu_order":0,"comment_status":"closed","ping_status":"closed","template":"","meta":{"footnotes":""},"class_list":["post-141","page","type-page","status-publish","has-post-thumbnail","hentry"],"yoast_head":"<!-- This site is optimized with the Yoast SEO plugin v27.3 - https:\/\/yoast.com\/product\/yoast-seo-wordpress\/ -->\n<title>Ich bin ein &quot;Wolpianer&quot; ... - wolpianer.com<\/title>\n<meta name=\"robots\" content=\"index, follow, max-snippet:-1, max-image-preview:large, max-video-preview:-1\" \/>\n<link rel=\"canonical\" href=\"https:\/\/wolpianer.com\/\" \/>\n<meta property=\"og:locale\" content=\"de_DE\" \/>\n<meta property=\"og:type\" content=\"article\" \/>\n<meta property=\"og:title\" content=\"Ich bin ein &quot;Wolpianer&quot; ... - wolpianer.com\" \/>\n<meta property=\"og:description\" content=\"rfo TV Livestream 18:30 Uhr, 10.10.2023: https:\/\/www.rfo.de\/mediathek\/video\/annette-schrof-und-ihr-wolperdinger-brunnen\/ Oder jederzeit in der Mediathek &#8230; Bis der Wolperdinger-Brunnen einen Platz gefunden hat,kann er im Atelier besucht werden: Sonntag 12:00 &#8211; 16 Uhr &amp; und nach Vereinbarung Am Etzh\u00e4usl 6, 83355 Grabenst\u00e4tt (Marwang) Herzlichen Dank an Quell Online &#8211; Das Magazin f\u00fcr nachhaltiges Lebenf\u00fcr den sch\u00f6nen Artikel!\" \/>\n<meta property=\"og:url\" content=\"https:\/\/wolpianer.com\/\" \/>\n<meta property=\"og:site_name\" content=\"wolpianer.com\" \/>\n<meta property=\"article:modified_time\" content=\"2023-10-10T13:47:09+00:00\" \/>\n<meta property=\"og:image\" content=\"https:\/\/wolpianer.com\/wp-content\/uploads\/2023\/09\/wolperdinger_fabelhafter.jpg\" \/>\n\t<meta property=\"og:image:width\" content=\"1275\" \/>\n\t<meta property=\"og:image:height\" content=\"850\" \/>\n\t<meta property=\"og:image:type\" content=\"image\/jpeg\" \/>\n<meta name=\"twitter:card\" content=\"summary_large_image\" \/>\n<script type=\"application\/ld+json\" class=\"yoast-schema-graph\">{\"@context\":\"https:\\\/\\\/schema.org\",\"@graph\":[{\"@type\":\"WebPage\",\"@id\":\"https:\\\/\\\/wolpianer.com\\\/\",\"url\":\"https:\\\/\\\/wolpianer.com\\\/\",\"name\":\"Ich bin ein \\\"Wolpianer\\\" ... - wolpianer.com\",\"isPartOf\":{\"@id\":\"https:\\\/\\\/wolpianer.com\\\/#website\"},\"primaryImageOfPage\":{\"@id\":\"https:\\\/\\\/wolpianer.com\\\/#primaryimage\"},\"image\":{\"@id\":\"https:\\\/\\\/wolpianer.com\\\/#primaryimage\"},\"thumbnailUrl\":\"https:\\\/\\\/wolpianer.com\\\/wp-content\\\/uploads\\\/2023\\\/09\\\/wolperdinger_fabelhafter.jpg\",\"datePublished\":\"2023-09-01T21:37:33+00:00\",\"dateModified\":\"2023-10-10T13:47:09+00:00\",\"breadcrumb\":{\"@id\":\"https:\\\/\\\/wolpianer.com\\\/#breadcrumb\"},\"inLanguage\":\"de\",\"potentialAction\":[{\"@type\":\"ReadAction\",\"target\":[\"https:\\\/\\\/wolpianer.com\\\/\"]}]},{\"@type\":\"ImageObject\",\"inLanguage\":\"de\",\"@id\":\"https:\\\/\\\/wolpianer.com\\\/#primaryimage\",\"url\":\"https:\\\/\\\/wolpianer.com\\\/wp-content\\\/uploads\\\/2023\\\/09\\\/wolperdinger_fabelhafter.jpg\",\"contentUrl\":\"https:\\\/\\\/wolpianer.com\\\/wp-content\\\/uploads\\\/2023\\\/09\\\/wolperdinger_fabelhafter.jpg\",\"width\":1275,\"height\":850,\"caption\":\"Fabelhafter Wolperdinger-Brunnen\"},{\"@type\":\"BreadcrumbList\",\"@id\":\"https:\\\/\\\/wolpianer.com\\\/#breadcrumb\",\"itemListElement\":[{\"@type\":\"ListItem\",\"position\":1,\"name\":\"Startseite\",\"item\":\"https:\\\/\\\/wolpianer.com\\\/\"},{\"@type\":\"ListItem\",\"position\":2,\"name\":\"Ich bin ein &#8222;Wolpianer&#8220; &#8230;\"}]},{\"@type\":\"WebSite\",\"@id\":\"https:\\\/\\\/wolpianer.com\\\/#website\",\"url\":\"https:\\\/\\\/wolpianer.com\\\/\",\"name\":\"wolpianer.com\",\"description\":\"Ich bin ein Wolpianer! Wolperdinger-Brunnen\",\"publisher\":{\"@id\":\"https:\\\/\\\/wolpianer.com\\\/#organization\"},\"potentialAction\":[{\"@type\":\"SearchAction\",\"target\":{\"@type\":\"EntryPoint\",\"urlTemplate\":\"https:\\\/\\\/wolpianer.com\\\/?s={search_term_string}\"},\"query-input\":{\"@type\":\"PropertyValueSpecification\",\"valueRequired\":true,\"valueName\":\"search_term_string\"}}],\"inLanguage\":\"de\"},{\"@type\":\"Organization\",\"@id\":\"https:\\\/\\\/wolpianer.com\\\/#organization\",\"name\":\"wolpianer.com\",\"url\":\"https:\\\/\\\/wolpianer.com\\\/\",\"logo\":{\"@type\":\"ImageObject\",\"inLanguage\":\"de\",\"@id\":\"https:\\\/\\\/wolpianer.com\\\/#\\\/schema\\\/logo\\\/image\\\/\",\"url\":\"https:\\\/\\\/wolpianer.com\\\/wp-content\\\/uploads\\\/2023\\\/08\\\/cropped-logo_wolperdinger_s.png\",\"contentUrl\":\"https:\\\/\\\/wolpianer.com\\\/wp-content\\\/uploads\\\/2023\\\/08\\\/cropped-logo_wolperdinger_s.png\",\"width\":512,\"height\":512,\"caption\":\"wolpianer.com\"},\"image\":{\"@id\":\"https:\\\/\\\/wolpianer.com\\\/#\\\/schema\\\/logo\\\/image\\\/\"}}]}<\/script>\n<!-- \/ Yoast SEO plugin. -->","yoast_head_json":{"title":"Ich bin ein \"Wolpianer\" ... - wolpianer.com","robots":{"index":"index","follow":"follow","max-snippet":"max-snippet:-1","max-image-preview":"max-image-preview:large","max-video-preview":"max-video-preview:-1"},"canonical":"https:\/\/wolpianer.com\/","og_locale":"de_DE","og_type":"article","og_title":"Ich bin ein \"Wolpianer\" ... - wolpianer.com","og_description":"rfo TV Livestream 18:30 Uhr, 10.10.2023: https:\/\/www.rfo.de\/mediathek\/video\/annette-schrof-und-ihr-wolperdinger-brunnen\/ Oder jederzeit in der Mediathek &#8230; Bis der Wolperdinger-Brunnen einen Platz gefunden hat,kann er im Atelier besucht werden: Sonntag 12:00 &#8211; 16 Uhr &amp; und nach Vereinbarung Am Etzh\u00e4usl 6, 83355 Grabenst\u00e4tt (Marwang) Herzlichen Dank an Quell Online &#8211; Das Magazin f\u00fcr nachhaltiges Lebenf\u00fcr den sch\u00f6nen Artikel!","og_url":"https:\/\/wolpianer.com\/","og_site_name":"wolpianer.com","article_modified_time":"2023-10-10T13:47:09+00:00","og_image":[{"width":1275,"height":850,"url":"https:\/\/wolpianer.com\/wp-content\/uploads\/2023\/09\/wolperdinger_fabelhafter.jpg","type":"image\/jpeg"}],"twitter_card":"summary_large_image","schema":{"@context":"https:\/\/schema.org","@graph":[{"@type":"WebPage","@id":"https:\/\/wolpianer.com\/","url":"https:\/\/wolpianer.com\/","name":"Ich bin ein \"Wolpianer\" ... - wolpianer.com","isPartOf":{"@id":"https:\/\/wolpianer.com\/#website"},"primaryImageOfPage":{"@id":"https:\/\/wolpianer.com\/#primaryimage"},"image":{"@id":"https:\/\/wolpianer.com\/#primaryimage"},"thumbnailUrl":"https:\/\/wolpianer.com\/wp-content\/uploads\/2023\/09\/wolperdinger_fabelhafter.jpg","datePublished":"2023-09-01T21:37:33+00:00","dateModified":"2023-10-10T13:47:09+00:00","breadcrumb":{"@id":"https:\/\/wolpianer.com\/#breadcrumb"},"inLanguage":"de","potentialAction":[{"@type":"ReadAction","target":["https:\/\/wolpianer.com\/"]}]},{"@type":"ImageObject","inLanguage":"de","@id":"https:\/\/wolpianer.com\/#primaryimage","url":"https:\/\/wolpianer.com\/wp-content\/uploads\/2023\/09\/wolperdinger_fabelhafter.jpg","contentUrl":"https:\/\/wolpianer.com\/wp-content\/uploads\/2023\/09\/wolperdinger_fabelhafter.jpg","width":1275,"height":850,"caption":"Fabelhafter Wolperdinger-Brunnen"},{"@type":"BreadcrumbList","@id":"https:\/\/wolpianer.com\/#breadcrumb","itemListElement":[{"@type":"ListItem","position":1,"name":"Startseite","item":"https:\/\/wolpianer.com\/"},{"@type":"ListItem","position":2,"name":"Ich bin ein &#8222;Wolpianer&#8220; &#8230;"}]},{"@type":"WebSite","@id":"https:\/\/wolpianer.com\/#website","url":"https:\/\/wolpianer.com\/","name":"wolpianer.com","description":"Ich bin ein Wolpianer! Wolperdinger-Brunnen","publisher":{"@id":"https:\/\/wolpianer.com\/#organization"},"potentialAction":[{"@type":"SearchAction","target":{"@type":"EntryPoint","urlTemplate":"https:\/\/wolpianer.com\/?s={search_term_string}"},"query-input":{"@type":"PropertyValueSpecification","valueRequired":true,"valueName":"search_term_string"}}],"inLanguage":"de"},{"@type":"Organization","@id":"https:\/\/wolpianer.com\/#organization","name":"wolpianer.com","url":"https:\/\/wolpianer.com\/","logo":{"@type":"ImageObject","inLanguage":"de","@id":"https:\/\/wolpianer.com\/#\/schema\/logo\/image\/","url":"https:\/\/wolpianer.com\/wp-content\/uploads\/2023\/08\/cropped-logo_wolperdinger_s.png","contentUrl":"https:\/\/wolpianer.com\/wp-content\/uploads\/2023\/08\/cropped-logo_wolperdinger_s.png","width":512,"height":512,"caption":"wolpianer.com"},"image":{"@id":"https:\/\/wolpianer.com\/#\/schema\/logo\/image\/"}}]}},"_links":{"self":[{"href":"https:\/\/wolpianer.com\/index.php\/wp-json\/wp\/v2\/pages\/141","targetHints":{"allow":["GET"]}}],"collection":[{"href":"https:\/\/wolpianer.com\/index.php\/wp-json\/wp\/v2\/pages"}],"about":[{"href":"https:\/\/wolpianer.com\/index.php\/wp-json\/wp\/v2\/types\/page"}],"author":[{"embeddable":true,"href":"https:\/\/wolpianer.com\/index.php\/wp-json\/wp\/v2\/users\/1"}],"replies":[{"embeddable":true,"href":"https:\/\/wolpianer.com\/index.php\/wp-json\/wp\/v2\/comments?post=141"}],"version-history":[{"count":6,"href":"https:\/\/wolpianer.com\/index.php\/wp-json\/wp\/v2\/pages\/141\/revisions"}],"predecessor-version":[{"id":209,"href":"https:\/\/wolpianer.com\/index.php\/wp-json\/wp\/v2\/pages\/141\/revisions\/209"}],"wp:featuredmedia":[{"embeddable":true,"href":"https:\/\/wolpianer.com\/index.php\/wp-json\/wp\/v2\/media\/148"}],"wp:attachment":[{"href":"https:\/\/wolpianer.com\/index.php\/wp-json\/wp\/v2\/media?parent=141"}],"curies":[{"name":"wp","href":"https:\/\/api.w.org\/{rel}","templated":true}]}}