{"id":2,"date":"2023-08-23T10:20:37","date_gmt":"2023-08-23T10:20:37","guid":{"rendered":"https:\/\/wolpianer.com\/?page_id=2"},"modified":"2023-09-26T10:54:29","modified_gmt":"2023-09-26T10:54:29","slug":"sample-page","status":"publish","type":"page","link":"https:\/\/wolpianer.com\/index.php\/sample-page\/","title":{"rendered":"Vielen lieben Dank an alle die dabei waren!"},"content":{"rendered":"\n<p class=\"has-text-align-center has-x-large-font-size\">Es war eine wunderbare <span><mark style=\"font-weight: bold; background-color: rgb(255, 237, 0);\" class=\"has-inline-color\">Vernissage zum <\/mark><\/span><br><span><mark style=\"font-weight: bold; background-color: rgb(255, 237, 0);\" class=\"has-inline-color\">Wolperdinger-Brunnen<\/mark><\/span>!<\/p>\n\n\n\n<p><strong>Bis der Brunnen einen Platz gefunden hat, kann er im Atelier besucht werden:<\/strong><\/p>\n\n\n\n<blockquote class=\"wp-block-quote is-layout-flow wp-block-quote-is-layout-flow\">\n<p>Sonntag 12:00 &#8211; 16 Uhr &amp; und nach Vereinbarung<\/p>\n<\/blockquote>\n\n\n\n<p class=\"has-text-align-center\">Am Etzh\u00e4usl 6, 83355 Grabenst\u00e4tt (Marwang)<\/p>\n\n\n\n<div style=\"height:100px\" aria-hidden=\"true\" class=\"wp-block-spacer\"><\/div>\n\n\n\n<p class=\"has-text-align-center has-medium-font-size\"><strong>\u00bbDas weltweit einzigartige, fabelhafte und<br>transportable Bildhauer-Kunstwerk.\u00ab<\/strong><\/p>\n\n\n\n<p class=\"has-text-align-center has-large-font-size\"><mark style=\"background-color:#ff9900;color:#381403\" class=\"has-inline-color\"><strong>Annette Schrof,<\/strong> freischaffende K\u00fcnstlerin<\/mark><\/p>\n\n\n\n<p class=\"has-text-align-center has-large-font-size\">Samstag,<strong> 23. September 2023<br><\/strong>Start:<strong> 15 Uhr<\/strong><\/p>\n\n\n\n<div style=\"height:50px\" aria-hidden=\"true\" class=\"wp-block-spacer\"><\/div>\n\n\n\n<hr class=\"wp-block-separator has-alpha-channel-opacity\"\/>\n\n\n\n<blockquote class=\"wp-block-quote is-layout-flow wp-block-quote-is-layout-flow\">\n<p>\u00bbWas gibt es Sch\u00f6neres, als Menschen ein L\u00e4cheln ins Gesicht zu zaubern? Der Brunnen hat Kraft: Er erweckt unsere eigene Sehnsucht nach Lebendigkeit, unsere Entdeckerfreude erbl\u00fcht. Nachhaltig f\u00fcr Jung und Alt erinnert er an unsere nat\u00fcrlichen Wurzeln.\u00ab<\/p>\n\n\n\n<p><strong>\u00bbNat\u00fcrlich gemeinsam mit der Natur.\u00ab<\/strong><\/p>\n<\/blockquote>\n\n\n\n<div style=\"height:100px\" aria-hidden=\"true\" class=\"wp-block-spacer\"><\/div>\n\n\n\n<div data-wp-interactive=\"core\/file\" class=\"wp-block-file\"><object data-wp-bind--hidden=\"!state.hasPdfPreview\" hidden class=\"wp-block-file__embed\" data=\"https:\/\/wolpianer.com\/wp-content\/uploads\/2023\/08\/EINLADUNG_Wolperdinger-Brunnen_23-09-2023_web.pdf\" type=\"application\/pdf\" style=\"width:100%;height:600px\" aria-label=\"Einbettung von EINLADUNG_Wolperdinger-Brunnen_23-09-2023_web.\"><\/object><a id=\"wp-block-file--media-213210d6-ecd7-4c0c-8150-60f81c58f49e\" href=\"https:\/\/wolpianer.com\/wp-content\/uploads\/2023\/08\/EINLADUNG_Wolperdinger-Brunnen_23-09-2023_web.pdf\">EINLADUNG_Wolperdinger-Brunnen_23-09-2023_web<\/a><a href=\"https:\/\/wolpianer.com\/wp-content\/uploads\/2023\/08\/EINLADUNG_Wolperdinger-Brunnen_23-09-2023_web.pdf\" class=\"wp-block-file__button wp-element-button\" download aria-describedby=\"wp-block-file--media-213210d6-ecd7-4c0c-8150-60f81c58f49e\">Herunterladen<\/a><\/div>\n\n\n\n<div style=\"height:50px\" aria-hidden=\"true\" class=\"wp-block-spacer\"><\/div>\n\n\n\n<div class=\"wp-block-columns is-layout-flex wp-container-core-columns-is-layout-28f84493 wp-block-columns-is-layout-flex\">\n<div class=\"wp-block-column is-layout-flow wp-block-column-is-layout-flow\" style=\"flex-basis:100px\">\n<p class=\"has-text-align-center\"><sub><img decoding=\"async\" src=\"https:\/\/wolpianer.com\/wp-content\/uploads\/2023\/08\/icons_wolperdinger_freue-mich.png\" alt=\"Freue mich! Zusagen f\u00fcr die Vernissage zum Wolperdinger-Brunnen\"><\/sub><\/p>\n<\/div>\n\n\n\n<div class=\"wp-block-column is-layout-flow wp-block-column-is-layout-flow\">\n<p>\u00dcber <mark><strong>Zusagen<\/strong><\/mark> und eine<strong> kurze Nachricht,<\/strong> <br>mit wie vielen Personen zu rechnen ist:<br><a href=\"mailto:info@wolpianer.com\"><mark><strong>info@wolpianer.com<\/strong><\/mark><\/a> oder <br><strong><mark>0172\/3132223 Annette Schrof<\/mark><\/strong><\/p>\n<\/div>\n<\/div>\n\n\n\n<div class=\"wp-block-columns is-layout-flex wp-container-core-columns-is-layout-28f84493 wp-block-columns-is-layout-flex\">\n<div class=\"wp-block-column is-layout-flow wp-block-column-is-layout-flow\" style=\"flex-basis:100px\">\n<figure class=\"wp-block-image aligncenter size-full\"><img loading=\"lazy\" decoding=\"async\" width=\"100\" height=\"86\" src=\"https:\/\/wolpianer.com\/wp-content\/uploads\/2023\/08\/icons_wolperdinger_fest.png\" alt=\"Illustration f\u00fcr Getr\u00e4nke, Essen und Musik\" class=\"wp-image-82\"\/><\/figure>\n<\/div>\n\n\n\n<div class=\"wp-block-column is-layout-flow wp-block-column-is-layout-flow\">\n<p><em>Begleitend: <\/em><br><strong>Vortr\u00e4ge zum Thema<\/strong>, <strong>kulinarische Gen\u00fcsse<\/strong>, <strong>Getr\u00e4nke f\u00fcr Genie\u00dfer <\/strong>und <strong>Ohrenschmaus<\/strong>.<\/p>\n<\/div>\n<\/div>\n\n\n\n<div class=\"wp-block-columns is-layout-flex wp-container-core-columns-is-layout-28f84493 wp-block-columns-is-layout-flex\">\n<div class=\"wp-block-column is-layout-flow wp-block-column-is-layout-flow\" style=\"flex-basis:100px\">\n<figure class=\"wp-block-image aligncenter size-full padding-top: 10px\"><img loading=\"lazy\" decoding=\"async\" width=\"69\" height=\"37\" src=\"https:\/\/wolpianer.com\/wp-content\/uploads\/2023\/08\/icons_wolperdinger_auto.png\" alt=\"Illustration f\u00fcr die Parkm\u00f6glichkeiten\" class=\"wp-image-83\"\/><\/figure>\n<\/div>\n\n\n\n<div class=\"wp-block-column is-layout-flow wp-block-column-is-layout-flow\">\n<p>Bitte au\u00dferhalb der Stra\u00dfe parken. <br>Parkm\u00f6glichkeiten sind gekennzeichnet.<\/p>\n<\/div>\n<\/div>\n\n\n\n<div style=\"height:50px\" aria-hidden=\"true\" class=\"wp-block-spacer\"><\/div>\n\n\n\n<p class=\"has-text-align-left\">\u00dcbrigens:<strong> <mark style=\"background-color:#ffee00\" class=\"has-inline-color\">Kinder sind willkommen!<\/mark><\/strong><\/p>\n\n\n\n<p><\/p>\n","protected":false},"excerpt":{"rendered":"<p>Es war eine wunderbare Vernissage zum Wolperdinger-Brunnen! Bis der Brunnen einen Platz gefunden hat, kann er im Atelier besucht werden: Sonntag 12:00 &#8211; 16 Uhr &amp; und nach Vereinbarung Am Etzh\u00e4usl 6, 83355 Grabenst\u00e4tt (Marwang) \u00bbDas weltweit einzigartige, fabelhafte undtransportable Bildhauer-Kunstwerk.\u00ab Annette Schrof, freischaffende K\u00fcnstlerin Samstag, 23. September 2023Start: 15 Uhr \u00bbWas gibt es Sch\u00f6neres, [&hellip;]<\/p>\n","protected":false},"author":1,"featured_media":109,"parent":0,"menu_order":0,"comment_status":"closed","ping_status":"closed","template":"","meta":{"footnotes":""},"class_list":["post-2","page","type-page","status-publish","has-post-thumbnail","hentry"],"yoast_head":"<!-- This site is optimized with the Yoast SEO plugin v27.5 - https:\/\/yoast.com\/product\/yoast-seo-wordpress\/ -->\n<title>Vielen lieben Dank an alle die dabei waren! - wolpianer.com<\/title>\n<meta name=\"robots\" content=\"index, follow, max-snippet:-1, max-image-preview:large, max-video-preview:-1\" \/>\n<link rel=\"canonical\" href=\"https:\/\/wolpianer.com\/index.php\/sample-page\/\" \/>\n<meta property=\"og:locale\" content=\"de_DE\" \/>\n<meta property=\"og:type\" content=\"article\" \/>\n<meta property=\"og:title\" content=\"Vielen lieben Dank an alle die dabei waren! - wolpianer.com\" \/>\n<meta property=\"og:description\" content=\"Es war eine wunderbare Vernissage zum Wolperdinger-Brunnen! Bis der Brunnen einen Platz gefunden hat, kann er im Atelier besucht werden: Sonntag 12:00 &#8211; 16 Uhr &amp; und nach Vereinbarung Am Etzh\u00e4usl 6, 83355 Grabenst\u00e4tt (Marwang) \u00bbDas weltweit einzigartige, fabelhafte undtransportable Bildhauer-Kunstwerk.\u00ab Annette Schrof, freischaffende K\u00fcnstlerin Samstag, 23. September 2023Start: 15 Uhr \u00bbWas gibt es Sch\u00f6neres, [&hellip;]\" \/>\n<meta property=\"og:url\" content=\"https:\/\/wolpianer.com\/index.php\/sample-page\/\" \/>\n<meta property=\"og:site_name\" content=\"wolpianer.com\" \/>\n<meta property=\"article:modified_time\" content=\"2023-09-26T10:54:29+00:00\" \/>\n<meta property=\"og:image\" content=\"https:\/\/wolpianer.com\/wp-content\/uploads\/2023\/08\/wolperdinger_einladung.jpg\" \/>\n\t<meta property=\"og:image:width\" content=\"1275\" \/>\n\t<meta property=\"og:image:height\" content=\"850\" \/>\n\t<meta property=\"og:image:type\" content=\"image\/jpeg\" \/>\n<meta name=\"twitter:card\" content=\"summary_large_image\" \/>\n<meta name=\"twitter:label1\" content=\"Gesch\u00e4tzte Lesezeit\" \/>\n\t<meta name=\"twitter:data1\" content=\"1\u00a0Minute\" \/>\n<script type=\"application\/ld+json\" class=\"yoast-schema-graph\">{\"@context\":\"https:\\\/\\\/schema.org\",\"@graph\":[{\"@type\":\"WebPage\",\"@id\":\"https:\\\/\\\/wolpianer.com\\\/index.php\\\/sample-page\\\/\",\"url\":\"https:\\\/\\\/wolpianer.com\\\/index.php\\\/sample-page\\\/\",\"name\":\"Vielen lieben Dank an alle die dabei waren! - wolpianer.com\",\"isPartOf\":{\"@id\":\"https:\\\/\\\/wolpianer.com\\\/#website\"},\"primaryImageOfPage\":{\"@id\":\"https:\\\/\\\/wolpianer.com\\\/index.php\\\/sample-page\\\/#primaryimage\"},\"image\":{\"@id\":\"https:\\\/\\\/wolpianer.com\\\/index.php\\\/sample-page\\\/#primaryimage\"},\"thumbnailUrl\":\"https:\\\/\\\/wolpianer.com\\\/wp-content\\\/uploads\\\/2023\\\/08\\\/wolperdinger_einladung.jpg\",\"datePublished\":\"2023-08-23T10:20:37+00:00\",\"dateModified\":\"2023-09-26T10:54:29+00:00\",\"breadcrumb\":{\"@id\":\"https:\\\/\\\/wolpianer.com\\\/index.php\\\/sample-page\\\/#breadcrumb\"},\"inLanguage\":\"de\",\"potentialAction\":[{\"@type\":\"ReadAction\",\"target\":[\"https:\\\/\\\/wolpianer.com\\\/index.php\\\/sample-page\\\/\"]}]},{\"@type\":\"ImageObject\",\"inLanguage\":\"de\",\"@id\":\"https:\\\/\\\/wolpianer.com\\\/index.php\\\/sample-page\\\/#primaryimage\",\"url\":\"https:\\\/\\\/wolpianer.com\\\/wp-content\\\/uploads\\\/2023\\\/08\\\/wolperdinger_einladung.jpg\",\"contentUrl\":\"https:\\\/\\\/wolpianer.com\\\/wp-content\\\/uploads\\\/2023\\\/08\\\/wolperdinger_einladung.jpg\",\"width\":1275,\"height\":850,\"caption\":\"Einladung zur Vernissage Wolperdinger-Brunnen\"},{\"@type\":\"BreadcrumbList\",\"@id\":\"https:\\\/\\\/wolpianer.com\\\/index.php\\\/sample-page\\\/#breadcrumb\",\"itemListElement\":[{\"@type\":\"ListItem\",\"position\":1,\"name\":\"Startseite\",\"item\":\"https:\\\/\\\/wolpianer.com\\\/\"},{\"@type\":\"ListItem\",\"position\":2,\"name\":\"Vielen lieben Dank an alle die dabei waren!\"}]},{\"@type\":\"WebSite\",\"@id\":\"https:\\\/\\\/wolpianer.com\\\/#website\",\"url\":\"https:\\\/\\\/wolpianer.com\\\/\",\"name\":\"wolpianer.com\",\"description\":\"Ich bin ein Wolpianer! Wolperdinger-Brunnen\",\"publisher\":{\"@id\":\"https:\\\/\\\/wolpianer.com\\\/#organization\"},\"potentialAction\":[{\"@type\":\"SearchAction\",\"target\":{\"@type\":\"EntryPoint\",\"urlTemplate\":\"https:\\\/\\\/wolpianer.com\\\/?s={search_term_string}\"},\"query-input\":{\"@type\":\"PropertyValueSpecification\",\"valueRequired\":true,\"valueName\":\"search_term_string\"}}],\"inLanguage\":\"de\"},{\"@type\":\"Organization\",\"@id\":\"https:\\\/\\\/wolpianer.com\\\/#organization\",\"name\":\"wolpianer.com\",\"url\":\"https:\\\/\\\/wolpianer.com\\\/\",\"logo\":{\"@type\":\"ImageObject\",\"inLanguage\":\"de\",\"@id\":\"https:\\\/\\\/wolpianer.com\\\/#\\\/schema\\\/logo\\\/image\\\/\",\"url\":\"https:\\\/\\\/wolpianer.com\\\/wp-content\\\/uploads\\\/2023\\\/08\\\/cropped-logo_wolperdinger_s.png\",\"contentUrl\":\"https:\\\/\\\/wolpianer.com\\\/wp-content\\\/uploads\\\/2023\\\/08\\\/cropped-logo_wolperdinger_s.png\",\"width\":512,\"height\":512,\"caption\":\"wolpianer.com\"},\"image\":{\"@id\":\"https:\\\/\\\/wolpianer.com\\\/#\\\/schema\\\/logo\\\/image\\\/\"}}]}<\/script>\n<!-- \/ Yoast SEO plugin. -->","yoast_head_json":{"title":"Vielen lieben Dank an alle die dabei waren! - wolpianer.com","robots":{"index":"index","follow":"follow","max-snippet":"max-snippet:-1","max-image-preview":"max-image-preview:large","max-video-preview":"max-video-preview:-1"},"canonical":"https:\/\/wolpianer.com\/index.php\/sample-page\/","og_locale":"de_DE","og_type":"article","og_title":"Vielen lieben Dank an alle die dabei waren! - wolpianer.com","og_description":"Es war eine wunderbare Vernissage zum Wolperdinger-Brunnen! Bis der Brunnen einen Platz gefunden hat, kann er im Atelier besucht werden: Sonntag 12:00 &#8211; 16 Uhr &amp; und nach Vereinbarung Am Etzh\u00e4usl 6, 83355 Grabenst\u00e4tt (Marwang) \u00bbDas weltweit einzigartige, fabelhafte undtransportable Bildhauer-Kunstwerk.\u00ab Annette Schrof, freischaffende K\u00fcnstlerin Samstag, 23. September 2023Start: 15 Uhr \u00bbWas gibt es Sch\u00f6neres, [&hellip;]","og_url":"https:\/\/wolpianer.com\/index.php\/sample-page\/","og_site_name":"wolpianer.com","article_modified_time":"2023-09-26T10:54:29+00:00","og_image":[{"width":1275,"height":850,"url":"https:\/\/wolpianer.com\/wp-content\/uploads\/2023\/08\/wolperdinger_einladung.jpg","type":"image\/jpeg"}],"twitter_card":"summary_large_image","twitter_misc":{"Gesch\u00e4tzte Lesezeit":"1\u00a0Minute"},"schema":{"@context":"https:\/\/schema.org","@graph":[{"@type":"WebPage","@id":"https:\/\/wolpianer.com\/index.php\/sample-page\/","url":"https:\/\/wolpianer.com\/index.php\/sample-page\/","name":"Vielen lieben Dank an alle die dabei waren! - wolpianer.com","isPartOf":{"@id":"https:\/\/wolpianer.com\/#website"},"primaryImageOfPage":{"@id":"https:\/\/wolpianer.com\/index.php\/sample-page\/#primaryimage"},"image":{"@id":"https:\/\/wolpianer.com\/index.php\/sample-page\/#primaryimage"},"thumbnailUrl":"https:\/\/wolpianer.com\/wp-content\/uploads\/2023\/08\/wolperdinger_einladung.jpg","datePublished":"2023-08-23T10:20:37+00:00","dateModified":"2023-09-26T10:54:29+00:00","breadcrumb":{"@id":"https:\/\/wolpianer.com\/index.php\/sample-page\/#breadcrumb"},"inLanguage":"de","potentialAction":[{"@type":"ReadAction","target":["https:\/\/wolpianer.com\/index.php\/sample-page\/"]}]},{"@type":"ImageObject","inLanguage":"de","@id":"https:\/\/wolpianer.com\/index.php\/sample-page\/#primaryimage","url":"https:\/\/wolpianer.com\/wp-content\/uploads\/2023\/08\/wolperdinger_einladung.jpg","contentUrl":"https:\/\/wolpianer.com\/wp-content\/uploads\/2023\/08\/wolperdinger_einladung.jpg","width":1275,"height":850,"caption":"Einladung zur Vernissage Wolperdinger-Brunnen"},{"@type":"BreadcrumbList","@id":"https:\/\/wolpianer.com\/index.php\/sample-page\/#breadcrumb","itemListElement":[{"@type":"ListItem","position":1,"name":"Startseite","item":"https:\/\/wolpianer.com\/"},{"@type":"ListItem","position":2,"name":"Vielen lieben Dank an alle die dabei waren!"}]},{"@type":"WebSite","@id":"https:\/\/wolpianer.com\/#website","url":"https:\/\/wolpianer.com\/","name":"wolpianer.com","description":"Ich bin ein Wolpianer! Wolperdinger-Brunnen","publisher":{"@id":"https:\/\/wolpianer.com\/#organization"},"potentialAction":[{"@type":"SearchAction","target":{"@type":"EntryPoint","urlTemplate":"https:\/\/wolpianer.com\/?s={search_term_string}"},"query-input":{"@type":"PropertyValueSpecification","valueRequired":true,"valueName":"search_term_string"}}],"inLanguage":"de"},{"@type":"Organization","@id":"https:\/\/wolpianer.com\/#organization","name":"wolpianer.com","url":"https:\/\/wolpianer.com\/","logo":{"@type":"ImageObject","inLanguage":"de","@id":"https:\/\/wolpianer.com\/#\/schema\/logo\/image\/","url":"https:\/\/wolpianer.com\/wp-content\/uploads\/2023\/08\/cropped-logo_wolperdinger_s.png","contentUrl":"https:\/\/wolpianer.com\/wp-content\/uploads\/2023\/08\/cropped-logo_wolperdinger_s.png","width":512,"height":512,"caption":"wolpianer.com"},"image":{"@id":"https:\/\/wolpianer.com\/#\/schema\/logo\/image\/"}}]}},"_links":{"self":[{"href":"https:\/\/wolpianer.com\/index.php\/wp-json\/wp\/v2\/pages\/2","targetHints":{"allow":["GET"]}}],"collection":[{"href":"https:\/\/wolpianer.com\/index.php\/wp-json\/wp\/v2\/pages"}],"about":[{"href":"https:\/\/wolpianer.com\/index.php\/wp-json\/wp\/v2\/types\/page"}],"author":[{"embeddable":true,"href":"https:\/\/wolpianer.com\/index.php\/wp-json\/wp\/v2\/users\/1"}],"replies":[{"embeddable":true,"href":"https:\/\/wolpianer.com\/index.php\/wp-json\/wp\/v2\/comments?post=2"}],"version-history":[{"count":9,"href":"https:\/\/wolpianer.com\/index.php\/wp-json\/wp\/v2\/pages\/2\/revisions"}],"predecessor-version":[{"id":205,"href":"https:\/\/wolpianer.com\/index.php\/wp-json\/wp\/v2\/pages\/2\/revisions\/205"}],"wp:featuredmedia":[{"embeddable":true,"href":"https:\/\/wolpianer.com\/index.php\/wp-json\/wp\/v2\/media\/109"}],"wp:attachment":[{"href":"https:\/\/wolpianer.com\/index.php\/wp-json\/wp\/v2\/media?parent=2"}],"curies":[{"name":"wp","href":"https:\/\/api.w.org\/{rel}","templated":true}]}}