{"id":27,"date":"2023-08-29T19:29:10","date_gmt":"2023-08-29T19:29:10","guid":{"rendered":"https:\/\/wolpianer.com\/?page_id=27"},"modified":"2023-09-19T15:21:27","modified_gmt":"2023-09-19T15:21:27","slug":"vita-annette-schrof","status":"publish","type":"page","link":"https:\/\/wolpianer.com\/index.php\/vita-annette-schrof\/","title":{"rendered":"Vita Annette Schrof"},"content":{"rendered":"\n<div class=\"wp-block-columns is-layout-flex wp-container-core-columns-is-layout-28f84493 wp-block-columns-is-layout-flex\">\n<div class=\"wp-block-column is-layout-flow wp-block-column-is-layout-flow\" style=\"flex-basis:33.33%\">\n<figure class=\"wp-block-image size-full\"><img loading=\"lazy\" decoding=\"async\" width=\"170\" height=\"170\" src=\"https:\/\/wolpianer.com\/wp-content\/uploads\/2023\/08\/schrof-annette.png\" alt=\"Annette Schrof, freischaffende K\u00fcnstlerin\" class=\"wp-image-91\" srcset=\"https:\/\/wolpianer.com\/wp-content\/uploads\/2023\/08\/schrof-annette.png 170w, https:\/\/wolpianer.com\/wp-content\/uploads\/2023\/08\/schrof-annette-150x150.png 150w\" sizes=\"auto, (max-width: 170px) 100vw, 170px\" \/><\/figure>\n\n\n\n<blockquote class=\"wp-block-quote is-layout-flow wp-block-quote-is-layout-flow\">\n<p><\/p>\n<\/blockquote>\n<\/div>\n\n\n\n<div class=\"wp-block-column is-layout-flow wp-block-column-is-layout-flow\" style=\"flex-basis:66.66%\">\n<p>\u2192 Annette Schrof, geb. 1974 in M\u00fcnchen<br>\u2192 aufgewachsen in Tulling, <br>Landkreis Ebersberg bei M\u00fcnchen<br>\u2192 1994 Auslandsaufenthalt Italien, Rom<br>\u2192 Ab 1995 im Multimediabereich<br>(Multimedia-Agentur in M\u00fcnchen und Berlin,<br>Schulbuch-Verlag Online, freiberufliche<br>Kreativarbeiten)<br>\u2192 ab 1999 Selbstst\u00e4ndigkeit mit Agentur wundertier<br>\u2192 2001 &#8211; 2006 K\u00f6ln<br>\u2192 2007 Auslandsaufenthalt Spanien,<br>Cartagena\/La Manga<br>\u2192 ab 2008 Berlin<br>\u2192 2008 Geburt des ersten Sohnes,<br>2011 Geburt des zweiten Sohnes,<br>alleinerziehend<br>\u2192 Familienauszeit 2015-2019<br>\u2192 Auszeit der Gesundheit zuliebe 2020<br>\u2192 seit 2020 Chiemgau<br>\u2192 Fokusierung auf den<br>k\u00fcnstlerischen Bereich, seit Ende 2020<br>\u2192 seit 2021 Bau des Wolperdinger-Brunnens<\/p>\n\n\n\n<p><strong>Zu sehen:<\/strong><br>\u2192 Ausstellung bei den Hom\u00f6opathietagen<br>    Traunstein 2019<br>\u2192 Ausstellung Cux Art,<br>    B\u00fcrgerbahnhof Cuxhaven 2019    <\/p>\n<\/div>\n<\/div>\n\n\n\n<div style=\"height:50px\" aria-hidden=\"true\" class=\"wp-block-spacer\"><\/div>\n\n\n\n<p class=\"has-large-font-size\"><strong>Vision des Wolperdinger-Brunnens:<\/strong><\/p>\n\n\n\n<blockquote class=\"wp-block-quote is-layout-flow wp-block-quote-is-layout-flow\">\n<div style=\"height:15px\" aria-hidden=\"true\" class=\"wp-block-spacer\"><\/div>\n\n\n\n<p>\u00bbWas gibt es Sch\u00f6neres, als Menschen ein L\u00e4cheln ins Gesicht zu zaubern? Der Wolperdinger-Brunnen hat Kraft: Er erweckt unsere eigene Sehnsucht nach Lebendigkeit, unsere Entdeckerfreude erbl\u00fcht. Der Wolperdinger ist Symbol f\u00fcr das gemeinsame Miteinander und bringt auf nat\u00fcrliche Weise zusammen, was zusammen geh\u00f6rt.\u00ab<\/p>\n\n\n\n<div style=\"height:15px\" aria-hidden=\"true\" class=\"wp-block-spacer\"><\/div>\n<\/blockquote>\n\n\n\n<div style=\"height:50px\" aria-hidden=\"true\" class=\"wp-block-spacer\"><\/div>\n\n\n\n<p><em>Reich an Phantasie:<\/em> Skulpturen, Brunnen, Illustrationen, Bilder, B\u00fccher, &#8230;<\/p>\n\n\n\n<figure class=\"wp-block-image size-large\"><img loading=\"lazy\" decoding=\"async\" width=\"1024\" height=\"683\" src=\"https:\/\/wolpianer.com\/wp-content\/uploads\/2023\/08\/schrof-annetter_phoenix-1024x683.png\" alt=\"\" class=\"wp-image-96\" srcset=\"https:\/\/wolpianer.com\/wp-content\/uploads\/2023\/08\/schrof-annetter_phoenix-1024x683.png 1024w, https:\/\/wolpianer.com\/wp-content\/uploads\/2023\/08\/schrof-annetter_phoenix-300x200.png 300w, https:\/\/wolpianer.com\/wp-content\/uploads\/2023\/08\/schrof-annetter_phoenix-768x512.png 768w, https:\/\/wolpianer.com\/wp-content\/uploads\/2023\/08\/schrof-annetter_phoenix.png 1275w\" sizes=\"auto, (max-width: 1024px) 100vw, 1024px\" \/><\/figure>\n","protected":false},"excerpt":{"rendered":"<p>\u2192 Annette Schrof, geb. 1974 in M\u00fcnchen\u2192 aufgewachsen in Tulling, Landkreis Ebersberg bei M\u00fcnchen\u2192 1994 Auslandsaufenthalt Italien, Rom\u2192 Ab 1995 im Multimediabereich(Multimedia-Agentur in M\u00fcnchen und Berlin,Schulbuch-Verlag Online, freiberuflicheKreativarbeiten)\u2192 ab 1999 Selbstst\u00e4ndigkeit mit Agentur wundertier\u2192 2001 &#8211; 2006 K\u00f6ln\u2192 2007 Auslandsaufenthalt Spanien,Cartagena\/La Manga\u2192 ab 2008 Berlin\u2192 2008 Geburt des ersten Sohnes,2011 Geburt des zweiten Sohnes,alleinerziehend\u2192 Familienauszeit [&hellip;]<\/p>\n","protected":false},"author":1,"featured_media":105,"parent":0,"menu_order":0,"comment_status":"closed","ping_status":"closed","template":"","meta":{"footnotes":""},"class_list":["post-27","page","type-page","status-publish","has-post-thumbnail","hentry"],"yoast_head":"<!-- This site is optimized with the Yoast SEO plugin v27.5 - https:\/\/yoast.com\/product\/yoast-seo-wordpress\/ -->\n<title>Vita Annette Schrof - wolpianer.com<\/title>\n<meta name=\"description\" content=\"Annette Schrof - freischaffende K\u00fcnsterlin im Chiemgau: Aktuelle Arbeit Bildhauer-Kunstwerk &quot;Wolperdinger-Brunnen&quot;, transportabeler, fabelhafter, 6 Tonnen\" \/>\n<meta name=\"robots\" content=\"index, follow, max-snippet:-1, max-image-preview:large, max-video-preview:-1\" \/>\n<link rel=\"canonical\" href=\"https:\/\/wolpianer.com\/index.php\/vita-annette-schrof\/\" \/>\n<meta property=\"og:locale\" content=\"de_DE\" \/>\n<meta property=\"og:type\" content=\"article\" \/>\n<meta property=\"og:title\" content=\"Vita Annette Schrof - wolpianer.com\" \/>\n<meta property=\"og:description\" content=\"Annette Schrof - freischaffende K\u00fcnsterlin im Chiemgau: Aktuelle Arbeit Bildhauer-Kunstwerk &quot;Wolperdinger-Brunnen&quot;, transportabeler, fabelhafter, 6 Tonnen\" \/>\n<meta property=\"og:url\" content=\"https:\/\/wolpianer.com\/index.php\/vita-annette-schrof\/\" \/>\n<meta property=\"og:site_name\" content=\"wolpianer.com\" \/>\n<meta property=\"article:modified_time\" content=\"2023-09-19T15:21:27+00:00\" \/>\n<meta property=\"og:image\" content=\"https:\/\/wolpianer.com\/wp-content\/uploads\/2023\/08\/wolperdinger_phantasie-ist.png\" \/>\n\t<meta property=\"og:image:width\" content=\"1275\" \/>\n\t<meta property=\"og:image:height\" content=\"850\" \/>\n\t<meta property=\"og:image:type\" content=\"image\/png\" \/>\n<meta name=\"twitter:card\" content=\"summary_large_image\" \/>\n<meta name=\"twitter:label1\" content=\"Gesch\u00e4tzte Lesezeit\" \/>\n\t<meta name=\"twitter:data1\" content=\"2\u00a0Minuten\" \/>\n<script type=\"application\/ld+json\" class=\"yoast-schema-graph\">{\"@context\":\"https:\\\/\\\/schema.org\",\"@graph\":[{\"@type\":\"WebPage\",\"@id\":\"https:\\\/\\\/wolpianer.com\\\/index.php\\\/vita-annette-schrof\\\/\",\"url\":\"https:\\\/\\\/wolpianer.com\\\/index.php\\\/vita-annette-schrof\\\/\",\"name\":\"Vita Annette Schrof - wolpianer.com\",\"isPartOf\":{\"@id\":\"https:\\\/\\\/wolpianer.com\\\/#website\"},\"primaryImageOfPage\":{\"@id\":\"https:\\\/\\\/wolpianer.com\\\/index.php\\\/vita-annette-schrof\\\/#primaryimage\"},\"image\":{\"@id\":\"https:\\\/\\\/wolpianer.com\\\/index.php\\\/vita-annette-schrof\\\/#primaryimage\"},\"thumbnailUrl\":\"https:\\\/\\\/wolpianer.com\\\/wp-content\\\/uploads\\\/2023\\\/08\\\/wolperdinger_phantasie-ist.png\",\"datePublished\":\"2023-08-29T19:29:10+00:00\",\"dateModified\":\"2023-09-19T15:21:27+00:00\",\"description\":\"Annette Schrof - freischaffende K\u00fcnsterlin im Chiemgau: Aktuelle Arbeit Bildhauer-Kunstwerk \\\"Wolperdinger-Brunnen\\\", transportabeler, fabelhafter, 6 Tonnen\",\"breadcrumb\":{\"@id\":\"https:\\\/\\\/wolpianer.com\\\/index.php\\\/vita-annette-schrof\\\/#breadcrumb\"},\"inLanguage\":\"de\",\"potentialAction\":[{\"@type\":\"ReadAction\",\"target\":[\"https:\\\/\\\/wolpianer.com\\\/index.php\\\/vita-annette-schrof\\\/\"]}]},{\"@type\":\"ImageObject\",\"inLanguage\":\"de\",\"@id\":\"https:\\\/\\\/wolpianer.com\\\/index.php\\\/vita-annette-schrof\\\/#primaryimage\",\"url\":\"https:\\\/\\\/wolpianer.com\\\/wp-content\\\/uploads\\\/2023\\\/08\\\/wolperdinger_phantasie-ist.png\",\"contentUrl\":\"https:\\\/\\\/wolpianer.com\\\/wp-content\\\/uploads\\\/2023\\\/08\\\/wolperdinger_phantasie-ist.png\",\"width\":1275,\"height\":850,\"caption\":\"Phantasie ist wichtiger als Wissen, dann Wissen ist begrenzt. Albert Einstein\"},{\"@type\":\"BreadcrumbList\",\"@id\":\"https:\\\/\\\/wolpianer.com\\\/index.php\\\/vita-annette-schrof\\\/#breadcrumb\",\"itemListElement\":[{\"@type\":\"ListItem\",\"position\":1,\"name\":\"Startseite\",\"item\":\"https:\\\/\\\/wolpianer.com\\\/\"},{\"@type\":\"ListItem\",\"position\":2,\"name\":\"Vita Annette Schrof\"}]},{\"@type\":\"WebSite\",\"@id\":\"https:\\\/\\\/wolpianer.com\\\/#website\",\"url\":\"https:\\\/\\\/wolpianer.com\\\/\",\"name\":\"wolpianer.com\",\"description\":\"Ich bin ein Wolpianer! Wolperdinger-Brunnen\",\"publisher\":{\"@id\":\"https:\\\/\\\/wolpianer.com\\\/#organization\"},\"potentialAction\":[{\"@type\":\"SearchAction\",\"target\":{\"@type\":\"EntryPoint\",\"urlTemplate\":\"https:\\\/\\\/wolpianer.com\\\/?s={search_term_string}\"},\"query-input\":{\"@type\":\"PropertyValueSpecification\",\"valueRequired\":true,\"valueName\":\"search_term_string\"}}],\"inLanguage\":\"de\"},{\"@type\":\"Organization\",\"@id\":\"https:\\\/\\\/wolpianer.com\\\/#organization\",\"name\":\"wolpianer.com\",\"url\":\"https:\\\/\\\/wolpianer.com\\\/\",\"logo\":{\"@type\":\"ImageObject\",\"inLanguage\":\"de\",\"@id\":\"https:\\\/\\\/wolpianer.com\\\/#\\\/schema\\\/logo\\\/image\\\/\",\"url\":\"https:\\\/\\\/wolpianer.com\\\/wp-content\\\/uploads\\\/2023\\\/08\\\/cropped-logo_wolperdinger_s.png\",\"contentUrl\":\"https:\\\/\\\/wolpianer.com\\\/wp-content\\\/uploads\\\/2023\\\/08\\\/cropped-logo_wolperdinger_s.png\",\"width\":512,\"height\":512,\"caption\":\"wolpianer.com\"},\"image\":{\"@id\":\"https:\\\/\\\/wolpianer.com\\\/#\\\/schema\\\/logo\\\/image\\\/\"}}]}<\/script>\n<!-- \/ Yoast SEO plugin. -->","yoast_head_json":{"title":"Vita Annette Schrof - wolpianer.com","description":"Annette Schrof - freischaffende K\u00fcnsterlin im Chiemgau: Aktuelle Arbeit Bildhauer-Kunstwerk \"Wolperdinger-Brunnen\", transportabeler, fabelhafter, 6 Tonnen","robots":{"index":"index","follow":"follow","max-snippet":"max-snippet:-1","max-image-preview":"max-image-preview:large","max-video-preview":"max-video-preview:-1"},"canonical":"https:\/\/wolpianer.com\/index.php\/vita-annette-schrof\/","og_locale":"de_DE","og_type":"article","og_title":"Vita Annette Schrof - wolpianer.com","og_description":"Annette Schrof - freischaffende K\u00fcnsterlin im Chiemgau: Aktuelle Arbeit Bildhauer-Kunstwerk \"Wolperdinger-Brunnen\", transportabeler, fabelhafter, 6 Tonnen","og_url":"https:\/\/wolpianer.com\/index.php\/vita-annette-schrof\/","og_site_name":"wolpianer.com","article_modified_time":"2023-09-19T15:21:27+00:00","og_image":[{"width":1275,"height":850,"url":"https:\/\/wolpianer.com\/wp-content\/uploads\/2023\/08\/wolperdinger_phantasie-ist.png","type":"image\/png"}],"twitter_card":"summary_large_image","twitter_misc":{"Gesch\u00e4tzte Lesezeit":"2\u00a0Minuten"},"schema":{"@context":"https:\/\/schema.org","@graph":[{"@type":"WebPage","@id":"https:\/\/wolpianer.com\/index.php\/vita-annette-schrof\/","url":"https:\/\/wolpianer.com\/index.php\/vita-annette-schrof\/","name":"Vita Annette Schrof - wolpianer.com","isPartOf":{"@id":"https:\/\/wolpianer.com\/#website"},"primaryImageOfPage":{"@id":"https:\/\/wolpianer.com\/index.php\/vita-annette-schrof\/#primaryimage"},"image":{"@id":"https:\/\/wolpianer.com\/index.php\/vita-annette-schrof\/#primaryimage"},"thumbnailUrl":"https:\/\/wolpianer.com\/wp-content\/uploads\/2023\/08\/wolperdinger_phantasie-ist.png","datePublished":"2023-08-29T19:29:10+00:00","dateModified":"2023-09-19T15:21:27+00:00","description":"Annette Schrof - freischaffende K\u00fcnsterlin im Chiemgau: Aktuelle Arbeit Bildhauer-Kunstwerk \"Wolperdinger-Brunnen\", transportabeler, fabelhafter, 6 Tonnen","breadcrumb":{"@id":"https:\/\/wolpianer.com\/index.php\/vita-annette-schrof\/#breadcrumb"},"inLanguage":"de","potentialAction":[{"@type":"ReadAction","target":["https:\/\/wolpianer.com\/index.php\/vita-annette-schrof\/"]}]},{"@type":"ImageObject","inLanguage":"de","@id":"https:\/\/wolpianer.com\/index.php\/vita-annette-schrof\/#primaryimage","url":"https:\/\/wolpianer.com\/wp-content\/uploads\/2023\/08\/wolperdinger_phantasie-ist.png","contentUrl":"https:\/\/wolpianer.com\/wp-content\/uploads\/2023\/08\/wolperdinger_phantasie-ist.png","width":1275,"height":850,"caption":"Phantasie ist wichtiger als Wissen, dann Wissen ist begrenzt. Albert Einstein"},{"@type":"BreadcrumbList","@id":"https:\/\/wolpianer.com\/index.php\/vita-annette-schrof\/#breadcrumb","itemListElement":[{"@type":"ListItem","position":1,"name":"Startseite","item":"https:\/\/wolpianer.com\/"},{"@type":"ListItem","position":2,"name":"Vita Annette Schrof"}]},{"@type":"WebSite","@id":"https:\/\/wolpianer.com\/#website","url":"https:\/\/wolpianer.com\/","name":"wolpianer.com","description":"Ich bin ein Wolpianer! Wolperdinger-Brunnen","publisher":{"@id":"https:\/\/wolpianer.com\/#organization"},"potentialAction":[{"@type":"SearchAction","target":{"@type":"EntryPoint","urlTemplate":"https:\/\/wolpianer.com\/?s={search_term_string}"},"query-input":{"@type":"PropertyValueSpecification","valueRequired":true,"valueName":"search_term_string"}}],"inLanguage":"de"},{"@type":"Organization","@id":"https:\/\/wolpianer.com\/#organization","name":"wolpianer.com","url":"https:\/\/wolpianer.com\/","logo":{"@type":"ImageObject","inLanguage":"de","@id":"https:\/\/wolpianer.com\/#\/schema\/logo\/image\/","url":"https:\/\/wolpianer.com\/wp-content\/uploads\/2023\/08\/cropped-logo_wolperdinger_s.png","contentUrl":"https:\/\/wolpianer.com\/wp-content\/uploads\/2023\/08\/cropped-logo_wolperdinger_s.png","width":512,"height":512,"caption":"wolpianer.com"},"image":{"@id":"https:\/\/wolpianer.com\/#\/schema\/logo\/image\/"}}]}},"_links":{"self":[{"href":"https:\/\/wolpianer.com\/index.php\/wp-json\/wp\/v2\/pages\/27","targetHints":{"allow":["GET"]}}],"collection":[{"href":"https:\/\/wolpianer.com\/index.php\/wp-json\/wp\/v2\/pages"}],"about":[{"href":"https:\/\/wolpianer.com\/index.php\/wp-json\/wp\/v2\/types\/page"}],"author":[{"embeddable":true,"href":"https:\/\/wolpianer.com\/index.php\/wp-json\/wp\/v2\/users\/1"}],"replies":[{"embeddable":true,"href":"https:\/\/wolpianer.com\/index.php\/wp-json\/wp\/v2\/comments?post=27"}],"version-history":[{"count":10,"href":"https:\/\/wolpianer.com\/index.php\/wp-json\/wp\/v2\/pages\/27\/revisions"}],"predecessor-version":[{"id":203,"href":"https:\/\/wolpianer.com\/index.php\/wp-json\/wp\/v2\/pages\/27\/revisions\/203"}],"wp:featuredmedia":[{"embeddable":true,"href":"https:\/\/wolpianer.com\/index.php\/wp-json\/wp\/v2\/media\/105"}],"wp:attachment":[{"href":"https:\/\/wolpianer.com\/index.php\/wp-json\/wp\/v2\/media?parent=27"}],"curies":[{"name":"wp","href":"https:\/\/api.w.org\/{rel}","templated":true}]}}