{"id":37,"date":"2023-08-30T11:56:45","date_gmt":"2023-08-30T11:56:45","guid":{"rendered":"https:\/\/wolpianer.com\/?page_id=37"},"modified":"2023-09-19T15:20:06","modified_gmt":"2023-09-19T15:20:06","slug":"danke","status":"publish","type":"page","link":"https:\/\/wolpianer.com\/index.php\/danke\/","title":{"rendered":"Gemeinsam Miteinander &#8211; herzlichen Dank!"},"content":{"rendered":"\n<hr class=\"wp-block-separator has-text-color has-white-color has-alpha-channel-opacity has-white-background-color has-background is-style-wide is-style-wide--1\"\/>\n\n\n\n<p><mark style=\"background-color:#ffee00\" class=\"has-inline-color\">Allen voran meinen herzlichsten Dank an <strong>Ralph Ruta<\/strong><\/mark> &#8211; ohne ihn g\u00e4be es den Brunnen nicht! Sein Kauf von Steinen und die Worte &#8222;Los, mach!&#8220; haben den Startschu\u00df gegeben. Er als <strong>technischer Leiter<\/strong> hat in allen Bereichen mitgewirkt.<\/p>\n\n\n\n<div style=\"height:50px\" aria-hidden=\"true\" class=\"wp-block-spacer\"><\/div>\n\n\n\n<hr class=\"wp-block-separator has-text-color has-white-color has-alpha-channel-opacity has-white-background-color has-background is-style-wide is-style-wide--2\"\/>\n\n\n\n<h3 class=\"wp-block-heading\"><strong>Treue Unterst\u00fctzer,<\/strong><\/h3>\n\n\n\n<p><strong>die mich bis zur Fertigstellung mich unterst\u00fctzt haben:<\/strong><\/p>\n\n\n\n<p><strong>Ralph <\/strong>Ruta<br><strong>Noah <\/strong>und <strong>Merlin<\/strong><br><strong>Verena, Johanna, Korbinian Huber<\/strong> und <strong>Hellen Ostler<\/strong><br><strong>Stefan Seifert<\/strong> mit Familie<br><strong>Monika Jaeger<\/strong> mit Familie<br><strong>Josef Graspeuntner<\/strong><br><strong>Martin Rink<\/strong><br><strong>Melanie <\/strong>und <strong>Felix M\u00f6ll<\/strong><br><strong>Christine Sandner<\/strong><br><strong>Elisabeth von Klitzing<\/strong><br><strong>Christian Heise<\/strong><\/p>\n\n\n\n<div style=\"height:50px\" aria-hidden=\"true\" class=\"wp-block-spacer\"><\/div>\n\n\n\n<hr class=\"wp-block-separator has-text-color has-white-color has-alpha-channel-opacity has-white-background-color has-background is-style-wide is-style-wide--3\"\/>\n\n\n\n<h3 class=\"wp-block-heading\"><strong>Kost\u00fcm vom Wolperdinger:<\/strong><\/h3>\n\n\n\n<p>Mein besonderer Dank geht an <strong>Christiane<\/strong> und <strong>Joachim Kuhlmann<\/strong> (zwei Schneidermeister und Kost\u00fcmbildner aus Br\u00fchl) f\u00fcr ihren uneingeschr\u00e4nkten Einsatz und ihre Ausdauer. In ihrem Team ihre <strong>Freundin Annette<\/strong>, die nach allen Kr\u00e4ften unterst\u00fctzte (z. B. Geweih-Gestaltung). Es entstand der komplette Grundkorpus, Gestaltungselemente wie Hose, Arme, Krallen, Fl\u00fcgel-Form, Grundform des Kopfes.  <br><a href=\"https:\/\/www.crew-united.com\/\">Joachim Kuhlmann bei &#8222;crew-united.com&#8220;<\/a><br><a href=\"https:\/\/www.crew-united.com\/de\/Christiane-Kuhlmann_393140.html\" target=\"_blank\" rel=\"noreferrer noopener\">Christiane Kuhlmann bei &#8222;crew-united.com&#8220;<\/a><\/p>\n\n\n\n<p><strong>Veroni Meisl<\/strong> &#8211; Vorbereitung der Fl\u00fcgel &amp; \u00dcberlegungen<br><strong>Monika Jaeger<\/strong> &#8211; &#8222;de Ohrwaschl&#8220; (\u00fcbersetzt: Ohren) &amp; \u00dcberlegungen<br><strong>Sabine Horn<\/strong> &#8211; Impulse aus der Ferne<br><strong>Ralph Ruta<\/strong> &#8211; viele technische Dinge wie &#8230; Befestigung H\u00f6rner, Fl\u00fcgel und Wolperdingers-Kleiderst\u00e4nder<\/p>\n\n\n\n<p><strong>Christian Friedrich<\/strong> &#8211; Ganzheitliche Orthop\u00e4dieschuhtechnik Berlin Kreuzberg: Wunderbar passendes Schuhwerk-Unterbau f\u00fcr echte Entenf\u00fc\u00dfe! \ud83d\ude09 <a href=\"https:\/\/schuhtechnik-im-kiez.de\/\" target=\"_blank\" rel=\"noreferrer noopener\">https:\/\/schuhtechnik-im-kiez.de\/<\/a><\/p>\n\n\n\n<p><strong>Veronika und Bernhard Leitermann<\/strong> &#8211; Schuhhaus Leitermann in Chieming f\u00fcr die \u00dcberzieher der Entenf\u00fc\u00dfe &amp; Hilfe beim Kopf <br><a rel=\"noreferrer noopener\" href=\"https:\/\/schuhhaus-leitermann.business.site\/\" target=\"_blank\">https:\/\/schuhhaus-leitermann.business.site\/<\/a><\/p>\n\n\n\n<div style=\"height:50px\" aria-hidden=\"true\" class=\"wp-block-spacer\"><\/div>\n\n\n\n<hr class=\"wp-block-separator has-text-color has-white-color has-alpha-channel-opacity has-white-background-color has-background is-style-wide is-style-wide--4\"\/>\n\n\n\n<h3 class=\"wp-block-heading\"><br><strong>Technische Denkarbeiten:<\/strong><\/h3>\n\n\n\n<p>Allen voraus: <strong>Ralph Ruta<\/strong> &#8211; Technischer Leiter<br><strong>Martin Impler<\/strong>, Bad Feilnbach \/ Au<br><strong>Thomas Steffanutti<\/strong>, Grabenst\u00e4tt<br><strong>Michael Meisl<\/strong>, Elektriker<\/p>\n\n\n\n<div style=\"height:50px\" aria-hidden=\"true\" class=\"wp-block-spacer\"><\/div>\n\n\n\n<hr class=\"wp-block-separator has-text-color has-white-color has-alpha-channel-opacity has-white-background-color has-background is-style-wide is-style-wide--5\"\/>\n\n\n\n<h3 class=\"wp-block-heading\"><strong>Film-Arbeiten<\/strong><\/h3>\n\n\n\n<p><strong>Helmut Janker<\/strong> &#8211; Filmschmiede Janker <a href=\"https:\/\/www.youtube.com\/c\/jankerfilmschmiede\" target=\"_blank\" rel=\"noreferrer noopener\">https:\/\/www.youtube.com\/c\/jankerfilmschmiede<\/a><br><strong>Peter Hubbauer<\/strong> &#8211; <a href=\"https:\/\/hallo-media.de\/\" target=\"_blank\" rel=\"noreferrer noopener\">https:\/\/hallo-media.de\/<\/a><\/p>\n\n\n\n<div style=\"height:50px\" aria-hidden=\"true\" class=\"wp-block-spacer\"><\/div>\n\n\n\n<hr class=\"wp-block-separator has-text-color has-white-color has-alpha-channel-opacity has-white-background-color has-background is-style-wide is-style-wide--6\"\/>\n\n\n\n<h3 class=\"wp-block-heading\"><strong>PR-Arbeiten<\/strong><\/h3>\n\n\n\n<p><strong>Diana &#8211; <\/strong>Du bist toll!<\/p>\n\n\n\n<div style=\"height:50px\" aria-hidden=\"true\" class=\"wp-block-spacer\"><\/div>\n\n\n\n<hr class=\"wp-block-separator has-text-color has-white-color has-alpha-channel-opacity has-white-background-color has-background is-style-wide is-style-wide--7\"\/>\n\n\n\n<h3 class=\"wp-block-heading\"><strong>Die Nachbarschaft<\/strong><\/h3>\n\n\n\n<p>Geduldige und nette Nachbarn sind unersetzlich! <br>Vielen Dank f\u00fcr die Geduld!<\/p>\n\n\n\n<div style=\"height:50px\" aria-hidden=\"true\" class=\"wp-block-spacer\"><\/div>\n\n\n\n<hr class=\"wp-block-separator has-text-color has-white-color has-alpha-channel-opacity has-white-background-color has-background is-style-wide is-style-wide--8\"\/>\n\n\n\n<h3 class=\"wp-block-heading\">Die Gemeinde Grabenst\u00e4tt<\/h3>\n\n\n\n<p>Vielen Dank an die <strong>Mitarbeiterinnen und Mitarbeiter der Gemeinde Grabenst\u00e4tt<\/strong> und an den <strong>B\u00fcrgermeister Gerhard Wirnshofer<\/strong> f\u00fcr ihre Unterst\u00fctzung!<\/p>\n\n\n\n<div style=\"height:50px\" aria-hidden=\"true\" class=\"wp-block-spacer\"><\/div>\n\n\n\n<hr class=\"wp-block-separator has-text-color has-white-color has-alpha-channel-opacity has-white-background-color has-background is-style-wide is-style-wide--9\"\/>\n\n\n\n<h3 class=\"wp-block-heading\"><strong>Helferinnen &amp; Helfer<\/strong> <br>w\u00e4hrend der Brunnen-Bauzeit<\/h3>\n\n\n\n<p><strong>Verena Huber<\/strong>, <strong>Monika Jaeger<\/strong>, <strong>Vroni Meisl<\/strong> und die <br>Power-M\u00e4nner <strong>Felix M\u00f6ll<\/strong>, <strong>Bernhard Jaeger<\/strong>, <strong>Joachim Kuhlmann<\/strong>, <strong>Ralph Ruta<\/strong><\/p>\n\n\n\n<h3 class=\"wp-block-heading\"><strong>Helferinnen &amp; Helfer<\/strong> <br>f\u00fcr und beim Fest:<\/h3>\n\n\n\n<p>meine Kinder <strong>Noah <\/strong>und <strong>Merlin<\/strong>, <strong>Ralph <\/strong>Ruta, <br><strong>Monika<\/strong>, <strong>Martin<\/strong>, <strong>Emma<\/strong>, <strong>Bernhard<\/strong>, <strong>Anton <\/strong>Jaeger, <br><strong>Vroni <\/strong>und <strong>Michi <\/strong>Meisl, <br><strong>Anita <\/strong>G\u00f6rlach, <strong>Helmut <\/strong>Janker, <strong>Peter <\/strong>und <strong>Simon <\/strong>Hubbauer, <br><strong>Rabea <\/strong>und <strong>Michael Herzlich<\/strong>, <strong>Evi Bacher<\/strong>, <br><strong>Maria und Stefan Freudenstein<\/strong>, u. v. m.<\/p>\n\n\n\n<div style=\"height:50px\" aria-hidden=\"true\" class=\"wp-block-spacer\"><\/div>\n\n\n\n<hr class=\"wp-block-separator has-text-color has-white-color has-alpha-channel-opacity has-white-background-color has-background is-style-wide is-style-wide--10\"\/>\n\n\n\n<h3 class=\"wp-block-heading\">F\u00fcr die Kinder<\/h3>\n\n\n\n<p>Aktiv und mit viel Herz dabei: Die M\u00e4rchenerz\u00e4hlerin <strong>Irmelind Kl\u00fcglein<\/strong>, <strong>Vroni Meisl<\/strong> und <strong>Evi Bacher  <\/strong>(Wald- und Natur-P\u00e4dagogik, Erzieherinnen)<\/p>\n\n\n\n<div style=\"height:50px\" aria-hidden=\"true\" class=\"wp-block-spacer\"><\/div>\n\n\n\n<hr class=\"wp-block-separator has-text-color has-white-color has-alpha-channel-opacity has-white-background-color has-background is-style-wide is-style-wide--11\"\/>\n\n\n\n<h3 class=\"wp-block-heading\">Firmen &amp; Zulieferer<\/h3>\n\n\n\n<p><strong>Martin Impler GmbH<\/strong> &#8211; Bad Feilnbach \/ Au (Metall-Elemente und -Arbeiten)<br><strong>Martin Sichler<\/strong> &#8211; Bio Gem\u00fcse Westerbuchberg, (Lebensmittel f\u00fcr das Fest)<br><strong>Agrarservice Steiner<\/strong> \u00dcbersee, (Werkzeuge, Mega-Schubkarre)<br><strong>Murschhauser<\/strong> Traunstein, Josef Fleischmann (Beratung, Farb-Einkauf)<br><strong>Keim Farben<\/strong>, technischer Berater <strong>Josef Paintmayer<\/strong><br><strong>EVEREN Germany<\/strong>, Lindlar, technischer Berater <strong>Kevin Oberb\u00f6rsch<\/strong> (Beleuchtungstechnik)(Beleuchtungstechnik)<br><strong>Elektriker Michael Meisl<\/strong><br><strong>Chiemsee Brauerei<\/strong>, Evi &amp; Olli Lange Grabenst\u00e4tt<br><strong>Baderbr\u00e4u<\/strong><br><strong>Getr\u00e4nke Winkler<\/strong><br><strong>B\u00e4ckerei Brai<\/strong>, \u00dcbersee<br><strong>Metzgerei Kuba<\/strong>, Grassau<br><strong>Ettenauer Ziegenk\u00e4se<\/strong>, Theresa Thut &amp; Arno Kl\u00fcglein<br><strong>Kleine Chiemgauer Kaffeer\u00f6sterei<\/strong>, Wolkersdorf<br><strong>22 Drinks<\/strong>, Cocktail Creation<br><strong>Hotel Stein Amerang, Joseph Stein<\/strong> (Ausstattung Fest)<br><strong>Chiemgau Druckerei, Stefan Wanscher<\/strong> (Druck der Materialien f\u00fcr das Fest)<br><strong>Buidlbox Anton Jaeger<\/strong><\/p>\n\n\n\n<div style=\"height:50px\" aria-hidden=\"true\" class=\"wp-block-spacer\"><\/div>\n\n\n\n<hr class=\"wp-block-separator has-text-color has-white-color has-alpha-channel-opacity has-white-background-color has-background is-style-wide is-style-wide--12\"\/>\n\n\n\n<h3 class=\"wp-block-heading\">Digitalisierung Baby-Wolpi<\/h3>\n\n\n\n<p>Vielen Dank an <strong>BayernLab<\/strong> in Traunstein! Der kleine Wolpi wurde 3-D digitalisiert und kann somit weiterverarbeitet werden.<br><em>BayernLab im Internet: <\/em><a href=\"https:\/\/www.ldbv.bayern.de\/digitalisierung\/bayernlab.html\" target=\"_blank\" rel=\"noreferrer noopener\">It-Labor Traunstein<\/a><\/p>\n\n\n\n<div style=\"height:50px\" aria-hidden=\"true\" class=\"wp-block-spacer\"><\/div>\n\n\n\n<hr class=\"wp-block-separator has-text-color has-white-color has-alpha-channel-opacity has-white-background-color has-background is-style-wide is-style-wide--13\"\/>\n\n\n\n<h3 class=\"wp-block-heading\">Catering<\/h3>\n\n\n\n<p><strong>Katharina Walter <\/strong><em>&#8222;Hola die Waldfee!&#8220;<\/em> &#8211; <em>nat\u00fcrlich essen genie\u00dfen<\/em><br><\/p>\n\n\n\n<h3 class=\"wp-block-heading\">Kuchen<\/h3>\n\n\n\n<p>Gaben von Freunden und G\u00e4sten &#8211; tolle Leckereien! Vielen Dank!<\/p>\n\n\n\n<p><\/p>\n","protected":false},"excerpt":{"rendered":"<p>Allen voran meinen herzlichsten Dank an Ralph Ruta &#8211; ohne ihn g\u00e4be es den Brunnen nicht! Sein Kauf von Steinen und die Worte &#8222;Los, mach!&#8220; haben den Startschu\u00df gegeben. Er als technischer Leiter hat in allen Bereichen mitgewirkt. Treue Unterst\u00fctzer, die mich bis zur Fertigstellung mich unterst\u00fctzt haben: Ralph RutaNoah und MerlinVerena, Johanna, Korbinian Huber [&hellip;]<\/p>\n","protected":false},"author":1,"featured_media":45,"parent":0,"menu_order":0,"comment_status":"closed","ping_status":"closed","template":"","meta":{"footnotes":""},"class_list":["post-37","page","type-page","status-publish","has-post-thumbnail","hentry"],"yoast_head":"<!-- This site is optimized with the Yoast SEO plugin v27.5 - https:\/\/yoast.com\/product\/yoast-seo-wordpress\/ -->\n<title>Gemeinsam Miteinander - herzlichen Dank! - wolpianer.com<\/title>\n<meta name=\"robots\" content=\"index, follow, max-snippet:-1, max-image-preview:large, max-video-preview:-1\" \/>\n<link rel=\"canonical\" href=\"https:\/\/wolpianer.com\/index.php\/danke\/\" \/>\n<meta property=\"og:locale\" content=\"de_DE\" \/>\n<meta property=\"og:type\" content=\"article\" \/>\n<meta property=\"og:title\" content=\"Gemeinsam Miteinander - herzlichen Dank! - wolpianer.com\" \/>\n<meta property=\"og:description\" content=\"Allen voran meinen herzlichsten Dank an Ralph Ruta &#8211; ohne ihn g\u00e4be es den Brunnen nicht! Sein Kauf von Steinen und die Worte &#8222;Los, mach!&#8220; haben den Startschu\u00df gegeben. Er als technischer Leiter hat in allen Bereichen mitgewirkt. Treue Unterst\u00fctzer, die mich bis zur Fertigstellung mich unterst\u00fctzt haben: Ralph RutaNoah und MerlinVerena, Johanna, Korbinian Huber [&hellip;]\" \/>\n<meta property=\"og:url\" content=\"https:\/\/wolpianer.com\/index.php\/danke\/\" \/>\n<meta property=\"og:site_name\" content=\"wolpianer.com\" \/>\n<meta property=\"article:modified_time\" content=\"2023-09-19T15:20:06+00:00\" \/>\n<meta property=\"og:image\" content=\"https:\/\/wolpianer.com\/wp-content\/uploads\/2023\/08\/wolperdinger_danke.png\" \/>\n\t<meta property=\"og:image:width\" content=\"1275\" \/>\n\t<meta property=\"og:image:height\" content=\"850\" \/>\n\t<meta property=\"og:image:type\" content=\"image\/png\" \/>\n<meta name=\"twitter:card\" content=\"summary_large_image\" \/>\n<meta name=\"twitter:label1\" content=\"Gesch\u00e4tzte Lesezeit\" \/>\n\t<meta name=\"twitter:data1\" content=\"3\u00a0Minuten\" \/>\n<script type=\"application\/ld+json\" class=\"yoast-schema-graph\">{\"@context\":\"https:\\\/\\\/schema.org\",\"@graph\":[{\"@type\":\"WebPage\",\"@id\":\"https:\\\/\\\/wolpianer.com\\\/index.php\\\/danke\\\/\",\"url\":\"https:\\\/\\\/wolpianer.com\\\/index.php\\\/danke\\\/\",\"name\":\"Gemeinsam Miteinander - herzlichen Dank! - wolpianer.com\",\"isPartOf\":{\"@id\":\"https:\\\/\\\/wolpianer.com\\\/#website\"},\"primaryImageOfPage\":{\"@id\":\"https:\\\/\\\/wolpianer.com\\\/index.php\\\/danke\\\/#primaryimage\"},\"image\":{\"@id\":\"https:\\\/\\\/wolpianer.com\\\/index.php\\\/danke\\\/#primaryimage\"},\"thumbnailUrl\":\"https:\\\/\\\/wolpianer.com\\\/wp-content\\\/uploads\\\/2023\\\/08\\\/wolperdinger_danke.png\",\"datePublished\":\"2023-08-30T11:56:45+00:00\",\"dateModified\":\"2023-09-19T15:20:06+00:00\",\"breadcrumb\":{\"@id\":\"https:\\\/\\\/wolpianer.com\\\/index.php\\\/danke\\\/#breadcrumb\"},\"inLanguage\":\"de\",\"potentialAction\":[{\"@type\":\"ReadAction\",\"target\":[\"https:\\\/\\\/wolpianer.com\\\/index.php\\\/danke\\\/\"]}]},{\"@type\":\"ImageObject\",\"inLanguage\":\"de\",\"@id\":\"https:\\\/\\\/wolpianer.com\\\/index.php\\\/danke\\\/#primaryimage\",\"url\":\"https:\\\/\\\/wolpianer.com\\\/wp-content\\\/uploads\\\/2023\\\/08\\\/wolperdinger_danke.png\",\"contentUrl\":\"https:\\\/\\\/wolpianer.com\\\/wp-content\\\/uploads\\\/2023\\\/08\\\/wolperdinger_danke.png\",\"width\":1275,\"height\":850,\"caption\":\"Herzlichen Dank an alle, die den Wolperdinger-Brunnen begleitet haben!\"},{\"@type\":\"BreadcrumbList\",\"@id\":\"https:\\\/\\\/wolpianer.com\\\/index.php\\\/danke\\\/#breadcrumb\",\"itemListElement\":[{\"@type\":\"ListItem\",\"position\":1,\"name\":\"Startseite\",\"item\":\"https:\\\/\\\/wolpianer.com\\\/\"},{\"@type\":\"ListItem\",\"position\":2,\"name\":\"Gemeinsam Miteinander &#8211; herzlichen Dank!\"}]},{\"@type\":\"WebSite\",\"@id\":\"https:\\\/\\\/wolpianer.com\\\/#website\",\"url\":\"https:\\\/\\\/wolpianer.com\\\/\",\"name\":\"wolpianer.com\",\"description\":\"Ich bin ein Wolpianer! Wolperdinger-Brunnen\",\"publisher\":{\"@id\":\"https:\\\/\\\/wolpianer.com\\\/#organization\"},\"potentialAction\":[{\"@type\":\"SearchAction\",\"target\":{\"@type\":\"EntryPoint\",\"urlTemplate\":\"https:\\\/\\\/wolpianer.com\\\/?s={search_term_string}\"},\"query-input\":{\"@type\":\"PropertyValueSpecification\",\"valueRequired\":true,\"valueName\":\"search_term_string\"}}],\"inLanguage\":\"de\"},{\"@type\":\"Organization\",\"@id\":\"https:\\\/\\\/wolpianer.com\\\/#organization\",\"name\":\"wolpianer.com\",\"url\":\"https:\\\/\\\/wolpianer.com\\\/\",\"logo\":{\"@type\":\"ImageObject\",\"inLanguage\":\"de\",\"@id\":\"https:\\\/\\\/wolpianer.com\\\/#\\\/schema\\\/logo\\\/image\\\/\",\"url\":\"https:\\\/\\\/wolpianer.com\\\/wp-content\\\/uploads\\\/2023\\\/08\\\/cropped-logo_wolperdinger_s.png\",\"contentUrl\":\"https:\\\/\\\/wolpianer.com\\\/wp-content\\\/uploads\\\/2023\\\/08\\\/cropped-logo_wolperdinger_s.png\",\"width\":512,\"height\":512,\"caption\":\"wolpianer.com\"},\"image\":{\"@id\":\"https:\\\/\\\/wolpianer.com\\\/#\\\/schema\\\/logo\\\/image\\\/\"}}]}<\/script>\n<!-- \/ Yoast SEO plugin. -->","yoast_head_json":{"title":"Gemeinsam Miteinander - herzlichen Dank! - wolpianer.com","robots":{"index":"index","follow":"follow","max-snippet":"max-snippet:-1","max-image-preview":"max-image-preview:large","max-video-preview":"max-video-preview:-1"},"canonical":"https:\/\/wolpianer.com\/index.php\/danke\/","og_locale":"de_DE","og_type":"article","og_title":"Gemeinsam Miteinander - herzlichen Dank! - wolpianer.com","og_description":"Allen voran meinen herzlichsten Dank an Ralph Ruta &#8211; ohne ihn g\u00e4be es den Brunnen nicht! Sein Kauf von Steinen und die Worte &#8222;Los, mach!&#8220; haben den Startschu\u00df gegeben. Er als technischer Leiter hat in allen Bereichen mitgewirkt. Treue Unterst\u00fctzer, die mich bis zur Fertigstellung mich unterst\u00fctzt haben: Ralph RutaNoah und MerlinVerena, Johanna, Korbinian Huber [&hellip;]","og_url":"https:\/\/wolpianer.com\/index.php\/danke\/","og_site_name":"wolpianer.com","article_modified_time":"2023-09-19T15:20:06+00:00","og_image":[{"width":1275,"height":850,"url":"https:\/\/wolpianer.com\/wp-content\/uploads\/2023\/08\/wolperdinger_danke.png","type":"image\/png"}],"twitter_card":"summary_large_image","twitter_misc":{"Gesch\u00e4tzte Lesezeit":"3\u00a0Minuten"},"schema":{"@context":"https:\/\/schema.org","@graph":[{"@type":"WebPage","@id":"https:\/\/wolpianer.com\/index.php\/danke\/","url":"https:\/\/wolpianer.com\/index.php\/danke\/","name":"Gemeinsam Miteinander - herzlichen Dank! - wolpianer.com","isPartOf":{"@id":"https:\/\/wolpianer.com\/#website"},"primaryImageOfPage":{"@id":"https:\/\/wolpianer.com\/index.php\/danke\/#primaryimage"},"image":{"@id":"https:\/\/wolpianer.com\/index.php\/danke\/#primaryimage"},"thumbnailUrl":"https:\/\/wolpianer.com\/wp-content\/uploads\/2023\/08\/wolperdinger_danke.png","datePublished":"2023-08-30T11:56:45+00:00","dateModified":"2023-09-19T15:20:06+00:00","breadcrumb":{"@id":"https:\/\/wolpianer.com\/index.php\/danke\/#breadcrumb"},"inLanguage":"de","potentialAction":[{"@type":"ReadAction","target":["https:\/\/wolpianer.com\/index.php\/danke\/"]}]},{"@type":"ImageObject","inLanguage":"de","@id":"https:\/\/wolpianer.com\/index.php\/danke\/#primaryimage","url":"https:\/\/wolpianer.com\/wp-content\/uploads\/2023\/08\/wolperdinger_danke.png","contentUrl":"https:\/\/wolpianer.com\/wp-content\/uploads\/2023\/08\/wolperdinger_danke.png","width":1275,"height":850,"caption":"Herzlichen Dank an alle, die den Wolperdinger-Brunnen begleitet haben!"},{"@type":"BreadcrumbList","@id":"https:\/\/wolpianer.com\/index.php\/danke\/#breadcrumb","itemListElement":[{"@type":"ListItem","position":1,"name":"Startseite","item":"https:\/\/wolpianer.com\/"},{"@type":"ListItem","position":2,"name":"Gemeinsam Miteinander &#8211; herzlichen Dank!"}]},{"@type":"WebSite","@id":"https:\/\/wolpianer.com\/#website","url":"https:\/\/wolpianer.com\/","name":"wolpianer.com","description":"Ich bin ein Wolpianer! Wolperdinger-Brunnen","publisher":{"@id":"https:\/\/wolpianer.com\/#organization"},"potentialAction":[{"@type":"SearchAction","target":{"@type":"EntryPoint","urlTemplate":"https:\/\/wolpianer.com\/?s={search_term_string}"},"query-input":{"@type":"PropertyValueSpecification","valueRequired":true,"valueName":"search_term_string"}}],"inLanguage":"de"},{"@type":"Organization","@id":"https:\/\/wolpianer.com\/#organization","name":"wolpianer.com","url":"https:\/\/wolpianer.com\/","logo":{"@type":"ImageObject","inLanguage":"de","@id":"https:\/\/wolpianer.com\/#\/schema\/logo\/image\/","url":"https:\/\/wolpianer.com\/wp-content\/uploads\/2023\/08\/cropped-logo_wolperdinger_s.png","contentUrl":"https:\/\/wolpianer.com\/wp-content\/uploads\/2023\/08\/cropped-logo_wolperdinger_s.png","width":512,"height":512,"caption":"wolpianer.com"},"image":{"@id":"https:\/\/wolpianer.com\/#\/schema\/logo\/image\/"}}]}},"_links":{"self":[{"href":"https:\/\/wolpianer.com\/index.php\/wp-json\/wp\/v2\/pages\/37","targetHints":{"allow":["GET"]}}],"collection":[{"href":"https:\/\/wolpianer.com\/index.php\/wp-json\/wp\/v2\/pages"}],"about":[{"href":"https:\/\/wolpianer.com\/index.php\/wp-json\/wp\/v2\/types\/page"}],"author":[{"embeddable":true,"href":"https:\/\/wolpianer.com\/index.php\/wp-json\/wp\/v2\/users\/1"}],"replies":[{"embeddable":true,"href":"https:\/\/wolpianer.com\/index.php\/wp-json\/wp\/v2\/comments?post=37"}],"version-history":[{"count":21,"href":"https:\/\/wolpianer.com\/index.php\/wp-json\/wp\/v2\/pages\/37\/revisions"}],"predecessor-version":[{"id":202,"href":"https:\/\/wolpianer.com\/index.php\/wp-json\/wp\/v2\/pages\/37\/revisions\/202"}],"wp:featuredmedia":[{"embeddable":true,"href":"https:\/\/wolpianer.com\/index.php\/wp-json\/wp\/v2\/media\/45"}],"wp:attachment":[{"href":"https:\/\/wolpianer.com\/index.php\/wp-json\/wp\/v2\/media?parent=37"}],"curies":[{"name":"wp","href":"https:\/\/api.w.org\/{rel}","templated":true}]}}