{"id":38,"date":"2023-08-31T17:16:56","date_gmt":"2023-08-31T17:16:56","guid":{"rendered":"https:\/\/wolpianer.com\/?page_id=38"},"modified":"2023-09-19T15:02:20","modified_gmt":"2023-09-19T15:02:20","slug":"infos-zum-kunstwerk","status":"publish","type":"page","link":"https:\/\/wolpianer.com\/index.php\/infos-zum-kunstwerk\/","title":{"rendered":"Infos zum Kunstwerk"},"content":{"rendered":"\n<p>Vom ersten Stein bis zum letzten Handgriff erstreckte sich die <strong>Bauzeit \u00fcber zwei Jahre<\/strong>. <strong>Der Brunnen ist weltweit einzigartig:<\/strong> <mark style=\"background-color:#ffee00\" class=\"has-inline-color\">Trotz seiner Gr\u00f6\u00dfe und seinem stattlichen Gewicht (~ 6 Tonnen ungef\u00fcllt) kann er transportiert werden.<\/mark><\/p>\n\n\n\n<div style=\"height:50px\" aria-hidden=\"true\" class=\"wp-block-spacer\"><\/div>\n\n\n\n<hr class=\"wp-block-separator has-text-color has-white-color has-alpha-channel-opacity has-white-background-color has-background is-style-wide is-style-wide--1\"\/>\n\n\n\n<div class=\"wp-block-group has-global-padding is-layout-constrained wp-block-group-is-layout-constrained\">\n<h3 class=\"wp-block-heading\">Eckdaten<\/h3>\n\n\n\n<figure class=\"wp-block-table\"><table><tbody><tr><td><strong>Breite:<\/strong><\/td><td>2.450 mm<\/td><\/tr><tr><td><strong>L\u00e4nge:<\/strong><\/td><td>4.500 mm<\/td><\/tr><tr><td><strong>Gesamth\u00f6he inkl. Skulptur:<\/strong><\/td><td>2.570 mm (mit Geweih: 2.900 mm)<\/td><\/tr><tr><td><strong>H\u00f6he Brunnenrand:<\/strong><\/td><td>510 mm<\/td><\/tr><tr><td><strong>Wasserinhalt:<\/strong><\/td><td>~ 2.000 Liter (= 2.000 Ma\u00df Bier), <br>Wasserpegel 20 cm<\/td><\/tr><tr><td><strong>Gesamtgewicht:<\/strong><\/td><td>~ 6 Tonnen (=2 Mutti-Elefanten \ud83d\ude09 )<\/td><\/tr><tr><td><strong>Gewicht gef\u00fcllt:<\/strong><\/td><td>~ 8 Tonnen (= ausgewachsener m\u00e4nnlicher Elefant)<\/td><\/tr><\/tbody><\/table><\/figure>\n<\/div>\n\n\n\n<div style=\"height:50px\" aria-hidden=\"true\" class=\"wp-block-spacer\"><\/div>\n\n\n\n<hr class=\"wp-block-separator has-text-color has-white-color has-alpha-channel-opacity has-white-background-color has-background is-style-wide is-style-wide--2\"\/>\n\n\n\n<h3 class=\"wp-block-heading\">Grundkorpus, Skulptur,<br>Wasserspiele, Beleuchtung<\/h3>\n\n\n\n<p><\/p>\n\n\n\n<details class=\"wp-block-details is-layout-flow wp-block-details-is-layout-flow\"><summary>Grundkorpus<\/summary>\n<p>Der Grundkorpus des Brunnens ist eine Stahlbetonkonstruktion mit einem zus\u00e4tzlichen Unterbau aus vier Eisentr\u00e4gern, die quer unter den Grundkorpus fest mit der Bodenplatte des Brunnens verbunden sind.<\/p>\n\n\n\n<p>Die Au\u00dfenhaut besteht aus fest mit dem Korpus verbundenen Porenbetonsteinen PPw4.<\/p>\n<\/details>\n\n\n\n<details class=\"wp-block-details is-layout-flow wp-block-details-is-layout-flow\"><summary>Skulptur<\/summary>\n<p>Die Skulptur (Wolperdinger) besteht aus Porenbetonsteinen. Sie ist \u00fcber einen bewehrten Stahlbetonsockel und zus\u00e4tzlich \u00fcber ein Vierkant-Stahlrohr fest mit der Unterkonstruktion verbunden.<\/p>\n\n\n\n<p>Auch die weiteren kleineren Skulpturen sind \u00fcber einen Stahlbetonsockel fest an der Unterkonstruktion angebracht.<\/p>\n<\/details>\n\n\n\n<details class=\"wp-block-details is-layout-flow wp-block-details-is-layout-flow\"><summary>Drei Wasserspiele<\/summary>\n<p>Durch eine eingebaute Pumpe wird die gro\u00dfe Skulptur (Wolperdinger) und auch die zwei kleineren Elemente mit Wasser versorgt.<\/p>\n\n\n\n<p>Sowohl die gro\u00dfe Skulptur, als auch die kleinen Elemente \u201espucken\u201c Wasser in die Mitte des Brunnens.<\/p>\n\n\n\n<p><\/p>\n<\/details>\n\n\n\n<details class=\"wp-block-details is-layout-flow wp-block-details-is-layout-flow\"><summary>Beleuchtung<\/summary>\n<p>Durch am Boden des Brunnens montierte Strahler wird die Skulptur des Wolperdingers abends und nachts angestrahlt. Die Beleuchtung kann individuell den \u00f6rtlichen Gegebenheiten oder dem Event angepasst werden.<\/p>\n\n\n\n<p><\/p>\n<\/details>\n\n\n\n<div style=\"height:50px\" aria-hidden=\"true\" class=\"wp-block-spacer\"><\/div>\n\n\n\n<hr class=\"wp-block-separator has-text-color has-white-color has-alpha-channel-opacity has-white-background-color has-background is-style-wide is-style-wide--3\"\/>\n\n\n\n<h3 class=\"wp-block-heading\">Versorgung,<br>Innen- &amp; Au\u00dfenbereich<\/h3>\n\n\n\n<details class=\"wp-block-details is-layout-flow wp-block-details-is-layout-flow\"><summary>Versorgung<\/summary>\n<p>Der Brunnen ben\u00f6tigt vor Ort einen 220V Stromanschluss<br>und einen normalen Wasseranschluss.<\/p>\n\n\n\n<p><\/p>\n<\/details>\n\n\n\n<details class=\"wp-block-details is-layout-flow wp-block-details-is-layout-flow\"><summary>Innen- und Au\u00dfenbereich<\/summary>\n<p>Der Brunnen braucht einen eben und tragf\u00e4higen Untergrund. Er kann im Innen- und Au\u00dfenbereich eingesetzt werden.<\/p>\n\n\n\n<p><\/p>\n<\/details>\n\n\n\n<div style=\"height:50px\" aria-hidden=\"true\" class=\"wp-block-spacer\"><\/div>\n\n\n\n<hr class=\"wp-block-separator has-text-color has-white-color has-alpha-channel-opacity has-white-background-color has-background is-style-wide is-style-wide--4\"\/>\n\n\n\n<h3 class=\"wp-block-heading\">Transport<\/h3>\n\n\n\n<p>Der Wolperdinger-Brunnen ist trotz seines Gewichtes und Gr\u00f6\u00dfe transportabel. Es ist kein Sondertransport notwendig. <br><br><em>Von A nach B:<\/em><\/p>\n\n\n\n<ul class=\"wp-block-list\">\n<li>Ver- und Abladen des Brunnens mit einem <strong>Autokran <\/strong>und Transport mit einem <strong>LKW oder Anh\u00e4nger<\/strong><\/li>\n\n\n\n<li>Ver- und Abladen mit <strong>gleichzeitigem Transport durch LKW-Ladekran<\/strong><\/li>\n\n\n\n<li>Ver- und Abladen des Brunnens durch <strong>Hubfahrzeug <\/strong>(Gabelstapler oder \u00e4hnliches) und Transport durch <strong>\u00f6rtlichen <\/strong>z. B. <strong>Bauern<\/strong>, <strong>Tiefbauer <\/strong>etc.<\/li>\n<\/ul>\n\n\n\n<div style=\"height:50px\" aria-hidden=\"true\" class=\"wp-block-spacer\"><\/div>\n\n\n\n<hr class=\"wp-block-separator has-text-color has-white-color has-alpha-channel-opacity has-white-background-color has-background is-style-wide is-style-wide--5\"\/>\n\n\n\n<h3 class=\"wp-block-heading\">Materialien, Farben, Formen<\/h3>\n\n\n\n<p>Vorzugsweise wurde mit <strong>Upcycling-Materialien<\/strong> gearbeitet. Die <strong>Natur-Farben<\/strong> sind lichtecht und best\u00e4ndig. <\/p>\n\n\n\n<p><strong>Am Brunnen sind kleine Tiere zu entdecken:<\/strong> Darunter K\u00e4fer, Spinnen, Schnecken, Raupen, eine Libelle, Kaulquappen und viele mehr. Von den Tieren gibt es Abdr\u00fccke, so dass diese nach Bedarf reproduziert werden k\u00f6nnen. Eine sch\u00f6ne M\u00f6glichkeit z. B. Kindern auf nat\u00fcrliche Art und Weise Natur-Wissen zu vermitteln.<\/p>\n\n\n\n<div style=\"height:50px\" aria-hidden=\"true\" class=\"wp-block-spacer\"><\/div>\n\n\n\n<hr class=\"wp-block-separator has-text-color has-white-color has-alpha-channel-opacity has-white-background-color has-background is-style-wide is-style-wide--6\"\/>\n\n\n\n<h3 class=\"wp-block-heading\">Vorgehensweise &amp; &#8222;Gewerke&#8220;<\/h3>\n\n\n\n<p>Vom ersten Gedanken an war der K\u00fcnstlerin klar, wie der Brunnen aussehen w\u00fcrde. Es gab keine Skizzen, keine Vorlagen, keine Schablonen &#8211; <strong>alles war immer im Flu\u00df<\/strong>. Die Elemente Grundkorpus, Fl\u00fcgel, Federkamm, Schnabel, Nest, Baumstamm wurden einzeln aus dem Kopf heraus unter freiem Himmel gefertigt und im Brunnenbett sp\u00e4ter zusammengef\u00fcgt. Die Wurzelformen des Brunnenrandes wurden \u00fcber zwei Monate von Hand herausgeschlagen. <\/p>\n\n\n\n<p><strong>Vereinte Gewerke und Arbeiten am Brunnen:<\/strong> Bildhauerei, Maler-Arbeiten, Metall-Arbeiten, statische Berechnungen, Licht- und Wasser-Technik, Elektrik, Maurer-Arbeiten, Design-Arbeiten, Schneider-Arbeiten (Kost\u00fcm), konzeptionelle Arbeiten<\/p>\n\n\n\n<figure class=\"wp-block-image size-large\"><img loading=\"lazy\" decoding=\"async\" width=\"1024\" height=\"683\" src=\"https:\/\/wolpianer.com\/wp-content\/uploads\/2023\/08\/wolperdinger_kunst-ist-schoen-1024x683.png\" alt=\"Libelle am Wolperdinger-Brunnen Kunst ist sch\u00f6n, macht aber viel Arbeit - Karl Valentin\" class=\"wp-image-106\" srcset=\"https:\/\/wolpianer.com\/wp-content\/uploads\/2023\/08\/wolperdinger_kunst-ist-schoen-1024x683.png 1024w, https:\/\/wolpianer.com\/wp-content\/uploads\/2023\/08\/wolperdinger_kunst-ist-schoen-300x200.png 300w, https:\/\/wolpianer.com\/wp-content\/uploads\/2023\/08\/wolperdinger_kunst-ist-schoen-768x512.png 768w, https:\/\/wolpianer.com\/wp-content\/uploads\/2023\/08\/wolperdinger_kunst-ist-schoen.png 1275w\" sizes=\"auto, (max-width: 1024px) 100vw, 1024px\" \/><\/figure>\n\n\n\n<p><strong>\u00dcbrigens:<\/strong> Der Brunnen ist <mark style=\"background-color:#ffee00\" class=\"has-inline-color\">komplett aus eigenen Mitteln finanziert<\/mark>. Er ist keine Auftragsarbeit.<\/p>\n","protected":false},"excerpt":{"rendered":"<p>Vom ersten Stein bis zum letzten Handgriff erstreckte sich die Bauzeit \u00fcber zwei Jahre. Der Brunnen ist weltweit einzigartig: Trotz seiner Gr\u00f6\u00dfe und seinem stattlichen Gewicht (~ 6 Tonnen ungef\u00fcllt) kann er transportiert werden. Eckdaten Breite: 2.450 mm L\u00e4nge: 4.500 mm Gesamth\u00f6he inkl. Skulptur: 2.570 mm (mit Geweih: 2.900 mm) H\u00f6he Brunnenrand: 510 mm Wasserinhalt: [&hellip;]<\/p>\n","protected":false},"author":1,"featured_media":115,"parent":0,"menu_order":0,"comment_status":"closed","ping_status":"closed","template":"","meta":{"footnotes":""},"class_list":["post-38","page","type-page","status-publish","has-post-thumbnail","hentry"],"yoast_head":"<!-- This site is optimized with the Yoast SEO plugin v27.5 - https:\/\/yoast.com\/product\/yoast-seo-wordpress\/ -->\n<title>Infos zum Kunstwerk - wolpianer.com<\/title>\n<meta name=\"robots\" content=\"index, follow, max-snippet:-1, max-image-preview:large, max-video-preview:-1\" \/>\n<link rel=\"canonical\" href=\"https:\/\/wolpianer.com\/index.php\/infos-zum-kunstwerk\/\" \/>\n<meta property=\"og:locale\" content=\"de_DE\" \/>\n<meta property=\"og:type\" content=\"article\" \/>\n<meta property=\"og:title\" content=\"Infos zum Kunstwerk - wolpianer.com\" \/>\n<meta property=\"og:description\" content=\"Vom ersten Stein bis zum letzten Handgriff erstreckte sich die Bauzeit \u00fcber zwei Jahre. Der Brunnen ist weltweit einzigartig: Trotz seiner Gr\u00f6\u00dfe und seinem stattlichen Gewicht (~ 6 Tonnen ungef\u00fcllt) kann er transportiert werden. Eckdaten Breite: 2.450 mm L\u00e4nge: 4.500 mm Gesamth\u00f6he inkl. Skulptur: 2.570 mm (mit Geweih: 2.900 mm) H\u00f6he Brunnenrand: 510 mm Wasserinhalt: [&hellip;]\" \/>\n<meta property=\"og:url\" content=\"https:\/\/wolpianer.com\/index.php\/infos-zum-kunstwerk\/\" \/>\n<meta property=\"og:site_name\" content=\"wolpianer.com\" \/>\n<meta property=\"article:modified_time\" content=\"2023-09-19T15:02:20+00:00\" \/>\n<meta property=\"og:image\" content=\"https:\/\/wolpianer.com\/wp-content\/uploads\/2023\/08\/wolperdinger_info.jpg\" \/>\n\t<meta property=\"og:image:width\" content=\"1275\" \/>\n\t<meta property=\"og:image:height\" content=\"850\" \/>\n\t<meta property=\"og:image:type\" content=\"image\/jpeg\" \/>\n<meta name=\"twitter:card\" content=\"summary_large_image\" \/>\n<meta name=\"twitter:label1\" content=\"Gesch\u00e4tzte Lesezeit\" \/>\n\t<meta name=\"twitter:data1\" content=\"3\u00a0Minuten\" \/>\n<script type=\"application\/ld+json\" class=\"yoast-schema-graph\">{\"@context\":\"https:\\\/\\\/schema.org\",\"@graph\":[{\"@type\":\"WebPage\",\"@id\":\"https:\\\/\\\/wolpianer.com\\\/index.php\\\/infos-zum-kunstwerk\\\/\",\"url\":\"https:\\\/\\\/wolpianer.com\\\/index.php\\\/infos-zum-kunstwerk\\\/\",\"name\":\"Infos zum Kunstwerk - wolpianer.com\",\"isPartOf\":{\"@id\":\"https:\\\/\\\/wolpianer.com\\\/#website\"},\"primaryImageOfPage\":{\"@id\":\"https:\\\/\\\/wolpianer.com\\\/index.php\\\/infos-zum-kunstwerk\\\/#primaryimage\"},\"image\":{\"@id\":\"https:\\\/\\\/wolpianer.com\\\/index.php\\\/infos-zum-kunstwerk\\\/#primaryimage\"},\"thumbnailUrl\":\"https:\\\/\\\/wolpianer.com\\\/wp-content\\\/uploads\\\/2023\\\/08\\\/wolperdinger_info.jpg\",\"datePublished\":\"2023-08-31T17:16:56+00:00\",\"dateModified\":\"2023-09-19T15:02:20+00:00\",\"breadcrumb\":{\"@id\":\"https:\\\/\\\/wolpianer.com\\\/index.php\\\/infos-zum-kunstwerk\\\/#breadcrumb\"},\"inLanguage\":\"de\",\"potentialAction\":[{\"@type\":\"ReadAction\",\"target\":[\"https:\\\/\\\/wolpianer.com\\\/index.php\\\/infos-zum-kunstwerk\\\/\"]}]},{\"@type\":\"ImageObject\",\"inLanguage\":\"de\",\"@id\":\"https:\\\/\\\/wolpianer.com\\\/index.php\\\/infos-zum-kunstwerk\\\/#primaryimage\",\"url\":\"https:\\\/\\\/wolpianer.com\\\/wp-content\\\/uploads\\\/2023\\\/08\\\/wolperdinger_info.jpg\",\"contentUrl\":\"https:\\\/\\\/wolpianer.com\\\/wp-content\\\/uploads\\\/2023\\\/08\\\/wolperdinger_info.jpg\",\"width\":1275,\"height\":850,\"caption\":\"Fotos aus der Brunnen-entstehung Anfangen ist leicht, beharren eine Kunst.\"},{\"@type\":\"BreadcrumbList\",\"@id\":\"https:\\\/\\\/wolpianer.com\\\/index.php\\\/infos-zum-kunstwerk\\\/#breadcrumb\",\"itemListElement\":[{\"@type\":\"ListItem\",\"position\":1,\"name\":\"Startseite\",\"item\":\"https:\\\/\\\/wolpianer.com\\\/\"},{\"@type\":\"ListItem\",\"position\":2,\"name\":\"Infos zum Kunstwerk\"}]},{\"@type\":\"WebSite\",\"@id\":\"https:\\\/\\\/wolpianer.com\\\/#website\",\"url\":\"https:\\\/\\\/wolpianer.com\\\/\",\"name\":\"wolpianer.com\",\"description\":\"Ich bin ein Wolpianer! Wolperdinger-Brunnen\",\"publisher\":{\"@id\":\"https:\\\/\\\/wolpianer.com\\\/#organization\"},\"potentialAction\":[{\"@type\":\"SearchAction\",\"target\":{\"@type\":\"EntryPoint\",\"urlTemplate\":\"https:\\\/\\\/wolpianer.com\\\/?s={search_term_string}\"},\"query-input\":{\"@type\":\"PropertyValueSpecification\",\"valueRequired\":true,\"valueName\":\"search_term_string\"}}],\"inLanguage\":\"de\"},{\"@type\":\"Organization\",\"@id\":\"https:\\\/\\\/wolpianer.com\\\/#organization\",\"name\":\"wolpianer.com\",\"url\":\"https:\\\/\\\/wolpianer.com\\\/\",\"logo\":{\"@type\":\"ImageObject\",\"inLanguage\":\"de\",\"@id\":\"https:\\\/\\\/wolpianer.com\\\/#\\\/schema\\\/logo\\\/image\\\/\",\"url\":\"https:\\\/\\\/wolpianer.com\\\/wp-content\\\/uploads\\\/2023\\\/08\\\/cropped-logo_wolperdinger_s.png\",\"contentUrl\":\"https:\\\/\\\/wolpianer.com\\\/wp-content\\\/uploads\\\/2023\\\/08\\\/cropped-logo_wolperdinger_s.png\",\"width\":512,\"height\":512,\"caption\":\"wolpianer.com\"},\"image\":{\"@id\":\"https:\\\/\\\/wolpianer.com\\\/#\\\/schema\\\/logo\\\/image\\\/\"}}]}<\/script>\n<!-- \/ Yoast SEO plugin. -->","yoast_head_json":{"title":"Infos zum Kunstwerk - wolpianer.com","robots":{"index":"index","follow":"follow","max-snippet":"max-snippet:-1","max-image-preview":"max-image-preview:large","max-video-preview":"max-video-preview:-1"},"canonical":"https:\/\/wolpianer.com\/index.php\/infos-zum-kunstwerk\/","og_locale":"de_DE","og_type":"article","og_title":"Infos zum Kunstwerk - wolpianer.com","og_description":"Vom ersten Stein bis zum letzten Handgriff erstreckte sich die Bauzeit \u00fcber zwei Jahre. Der Brunnen ist weltweit einzigartig: Trotz seiner Gr\u00f6\u00dfe und seinem stattlichen Gewicht (~ 6 Tonnen ungef\u00fcllt) kann er transportiert werden. Eckdaten Breite: 2.450 mm L\u00e4nge: 4.500 mm Gesamth\u00f6he inkl. Skulptur: 2.570 mm (mit Geweih: 2.900 mm) H\u00f6he Brunnenrand: 510 mm Wasserinhalt: [&hellip;]","og_url":"https:\/\/wolpianer.com\/index.php\/infos-zum-kunstwerk\/","og_site_name":"wolpianer.com","article_modified_time":"2023-09-19T15:02:20+00:00","og_image":[{"width":1275,"height":850,"url":"https:\/\/wolpianer.com\/wp-content\/uploads\/2023\/08\/wolperdinger_info.jpg","type":"image\/jpeg"}],"twitter_card":"summary_large_image","twitter_misc":{"Gesch\u00e4tzte Lesezeit":"3\u00a0Minuten"},"schema":{"@context":"https:\/\/schema.org","@graph":[{"@type":"WebPage","@id":"https:\/\/wolpianer.com\/index.php\/infos-zum-kunstwerk\/","url":"https:\/\/wolpianer.com\/index.php\/infos-zum-kunstwerk\/","name":"Infos zum Kunstwerk - wolpianer.com","isPartOf":{"@id":"https:\/\/wolpianer.com\/#website"},"primaryImageOfPage":{"@id":"https:\/\/wolpianer.com\/index.php\/infos-zum-kunstwerk\/#primaryimage"},"image":{"@id":"https:\/\/wolpianer.com\/index.php\/infos-zum-kunstwerk\/#primaryimage"},"thumbnailUrl":"https:\/\/wolpianer.com\/wp-content\/uploads\/2023\/08\/wolperdinger_info.jpg","datePublished":"2023-08-31T17:16:56+00:00","dateModified":"2023-09-19T15:02:20+00:00","breadcrumb":{"@id":"https:\/\/wolpianer.com\/index.php\/infos-zum-kunstwerk\/#breadcrumb"},"inLanguage":"de","potentialAction":[{"@type":"ReadAction","target":["https:\/\/wolpianer.com\/index.php\/infos-zum-kunstwerk\/"]}]},{"@type":"ImageObject","inLanguage":"de","@id":"https:\/\/wolpianer.com\/index.php\/infos-zum-kunstwerk\/#primaryimage","url":"https:\/\/wolpianer.com\/wp-content\/uploads\/2023\/08\/wolperdinger_info.jpg","contentUrl":"https:\/\/wolpianer.com\/wp-content\/uploads\/2023\/08\/wolperdinger_info.jpg","width":1275,"height":850,"caption":"Fotos aus der Brunnen-entstehung Anfangen ist leicht, beharren eine Kunst."},{"@type":"BreadcrumbList","@id":"https:\/\/wolpianer.com\/index.php\/infos-zum-kunstwerk\/#breadcrumb","itemListElement":[{"@type":"ListItem","position":1,"name":"Startseite","item":"https:\/\/wolpianer.com\/"},{"@type":"ListItem","position":2,"name":"Infos zum Kunstwerk"}]},{"@type":"WebSite","@id":"https:\/\/wolpianer.com\/#website","url":"https:\/\/wolpianer.com\/","name":"wolpianer.com","description":"Ich bin ein Wolpianer! Wolperdinger-Brunnen","publisher":{"@id":"https:\/\/wolpianer.com\/#organization"},"potentialAction":[{"@type":"SearchAction","target":{"@type":"EntryPoint","urlTemplate":"https:\/\/wolpianer.com\/?s={search_term_string}"},"query-input":{"@type":"PropertyValueSpecification","valueRequired":true,"valueName":"search_term_string"}}],"inLanguage":"de"},{"@type":"Organization","@id":"https:\/\/wolpianer.com\/#organization","name":"wolpianer.com","url":"https:\/\/wolpianer.com\/","logo":{"@type":"ImageObject","inLanguage":"de","@id":"https:\/\/wolpianer.com\/#\/schema\/logo\/image\/","url":"https:\/\/wolpianer.com\/wp-content\/uploads\/2023\/08\/cropped-logo_wolperdinger_s.png","contentUrl":"https:\/\/wolpianer.com\/wp-content\/uploads\/2023\/08\/cropped-logo_wolperdinger_s.png","width":512,"height":512,"caption":"wolpianer.com"},"image":{"@id":"https:\/\/wolpianer.com\/#\/schema\/logo\/image\/"}}]}},"_links":{"self":[{"href":"https:\/\/wolpianer.com\/index.php\/wp-json\/wp\/v2\/pages\/38","targetHints":{"allow":["GET"]}}],"collection":[{"href":"https:\/\/wolpianer.com\/index.php\/wp-json\/wp\/v2\/pages"}],"about":[{"href":"https:\/\/wolpianer.com\/index.php\/wp-json\/wp\/v2\/types\/page"}],"author":[{"embeddable":true,"href":"https:\/\/wolpianer.com\/index.php\/wp-json\/wp\/v2\/users\/1"}],"replies":[{"embeddable":true,"href":"https:\/\/wolpianer.com\/index.php\/wp-json\/wp\/v2\/comments?post=38"}],"version-history":[{"count":18,"href":"https:\/\/wolpianer.com\/index.php\/wp-json\/wp\/v2\/pages\/38\/revisions"}],"predecessor-version":[{"id":198,"href":"https:\/\/wolpianer.com\/index.php\/wp-json\/wp\/v2\/pages\/38\/revisions\/198"}],"wp:featuredmedia":[{"embeddable":true,"href":"https:\/\/wolpianer.com\/index.php\/wp-json\/wp\/v2\/media\/115"}],"wp:attachment":[{"href":"https:\/\/wolpianer.com\/index.php\/wp-json\/wp\/v2\/media?parent=38"}],"curies":[{"name":"wp","href":"https:\/\/api.w.org\/{rel}","templated":true}]}}